{"id":2333,"date":"2020-06-16T20:28:24","date_gmt":"2020-06-16T18:28:24","guid":{"rendered":"https:\/\/diveindepth.com\/encompass-diving\/?page_id=2333"},"modified":"2020-08-13T07:49:29","modified_gmt":"2020-08-13T05:49:29","slug":"willkommen","status":"publish","type":"page","link":"https:\/\/diveindepth.com\/encompass-diving\/de\/erkunden\/willkommen\/","title":{"rendered":"Willkommen"},"content":{"rendered":"\t\t<div data-elementor-type=\"wp-post\" data-elementor-id=\"2333\" class=\"elementor elementor-2333\">\n\t\t\t\t\t\t<section class=\"elementor-section elementor-top-section elementor-element elementor-element-7aa64f7 elementor-section-boxed elementor-section-height-default elementor-section-height-default\" data-id=\"7aa64f7\" data-element_type=\"section\" data-e-type=\"section\">\n\t\t\t\t\t\t<div class=\"elementor-container elementor-column-gap-default\">\n\t\t\t\t\t<div class=\"elementor-column elementor-col-100 elementor-top-column elementor-element elementor-element-b96836b\" data-id=\"b96836b\" data-element_type=\"column\" data-e-type=\"column\">\n\t\t\t<div class=\"elementor-widget-wrap elementor-element-populated\">\n\t\t\t\t\t\t<div class=\"elementor-element elementor-element-5575c12 elementor-widget elementor-widget-spacer\" data-id=\"5575c12\" data-element_type=\"widget\" data-e-type=\"widget\" data-widget_type=\"spacer.default\">\n\t\t\t\t<div class=\"elementor-widget-container\">\n\t\t\t\t\t\t\t<div class=\"elementor-spacer\">\n\t\t\t<div class=\"elementor-spacer-inner\"><\/div>\n\t\t<\/div>\n\t\t\t\t\t\t<\/div>\n\t\t\t\t<\/div>\n\t\t\t\t\t<\/div>\n\t\t<\/div>\n\t\t\t\t\t<\/div>\n\t\t<\/section>\n\t\t\t\t<section class=\"elementor-section elementor-top-section elementor-element elementor-element-03923ee elementor-section-boxed elementor-section-height-default elementor-section-height-default\" data-id=\"03923ee\" data-element_type=\"section\" data-e-type=\"section\">\n\t\t\t\t\t\t<div class=\"elementor-container elementor-column-gap-default\">\n\t\t\t\t\t<div class=\"elementor-column elementor-col-50 elementor-top-column elementor-element elementor-element-c3e4085\" data-id=\"c3e4085\" data-element_type=\"column\" data-e-type=\"column\">\n\t\t\t<div class=\"elementor-widget-wrap elementor-element-populated\">\n\t\t\t\t\t\t<div class=\"elementor-element elementor-element-4b5ab6d elementor-widget elementor-widget-image\" data-id=\"4b5ab6d\" data-element_type=\"widget\" data-e-type=\"widget\" data-widget_type=\"image.default\">\n\t\t\t\t<div class=\"elementor-widget-container\">\n\t\t\t\t\t\t\t\t\t\t\t\t\t\t\t<img fetchpriority=\"high\" decoding=\"async\" width=\"557\" height=\"676\" src=\"https:\/\/diveindepth.com\/encompass-diving\/wp-content\/uploads\/2020\/04\/Pages-Explore-1.jpg\" class=\"attachment-full size-full wp-image-1971\" alt=\"\" srcset=\"https:\/\/diveindepth.com\/encompass-diving\/wp-content\/uploads\/2020\/04\/Pages-Explore-1.jpg 557w, https:\/\/diveindepth.com\/encompass-diving\/wp-content\/uploads\/2020\/04\/Pages-Explore-1-247x300.jpg 247w\" sizes=\"(max-width: 557px) 100vw, 557px\" \/>\t\t\t\t\t\t\t\t\t\t\t\t\t\t\t<\/div>\n\t\t\t\t<\/div>\n\t\t\t\t\t<\/div>\n\t\t<\/div>\n\t\t\t\t<div class=\"elementor-column elementor-col-50 elementor-top-column elementor-element elementor-element-b3c71e9\" data-id=\"b3c71e9\" data-element_type=\"column\" data-e-type=\"column\">\n\t\t\t<div class=\"elementor-widget-wrap elementor-element-populated\">\n\t\t\t\t\t\t<section class=\"elementor-section elementor-inner-section elementor-element elementor-element-298b083 elementor-section-boxed elementor-section-height-default elementor-section-height-default\" data-id=\"298b083\" data-element_type=\"section\" data-e-type=\"section\" data-settings=\"{&quot;background_background&quot;:&quot;classic&quot;}\">\n\t\t\t\t\t\t<div class=\"elementor-container elementor-column-gap-default\">\n\t\t\t\t\t<div class=\"elementor-column elementor-col-100 elementor-inner-column elementor-element elementor-element-42ebfb8\" data-id=\"42ebfb8\" data-element_type=\"column\" data-e-type=\"column\" data-settings=\"{&quot;background_background&quot;:&quot;classic&quot;}\">\n\t\t\t<div class=\"elementor-widget-wrap elementor-element-populated\">\n\t\t\t\t\t\t<div class=\"elementor-element elementor-element-0dfff3f elementor-widget elementor-widget-heading\" data-id=\"0dfff3f\" data-element_type=\"widget\" data-e-type=\"widget\" data-widget_type=\"heading.default\">\n\t\t\t\t<div class=\"elementor-widget-container\">\n\t\t\t\t\t<p class=\"elementor-heading-title elementor-size-default\">Encompass Diving<\/p>\t\t\t\t<\/div>\n\t\t\t\t<\/div>\n\t\t\t\t<div class=\"elementor-element elementor-element-4516f86 elementor-widget elementor-widget-heading\" data-id=\"4516f86\" data-element_type=\"widget\" data-e-type=\"widget\" data-widget_type=\"heading.default\">\n\t\t\t\t<div class=\"elementor-widget-container\">\n\t\t\t\t\t<h2 class=\"elementor-heading-title elementor-size-default\">WILLKOMMEN <\/h2>\t\t\t\t<\/div>\n\t\t\t\t<\/div>\n\t\t\t\t\t<\/div>\n\t\t<\/div>\n\t\t\t\t\t<\/div>\n\t\t<\/section>\n\t\t\t\t<div class=\"elementor-element elementor-element-2474cdb6 elementor-widget elementor-widget-heading\" data-id=\"2474cdb6\" data-element_type=\"widget\" data-e-type=\"widget\" data-widget_type=\"heading.default\">\n\t\t\t\t<div class=\"elementor-widget-container\">\n\t\t\t\t\t<p class=\"elementor-heading-title elementor-size-default\">WILLKOMMEN bei Encompass Diving\n<br><br>Wenn Du eine Leidenschaft f\u00fcr das Tauchen hast und wenn Du Dich selbst als spirituell betrachtest, dann bist Du hier auf der richtigen Seite. \n<br><br>Mein Name ist Oliver und ich bin lizenzierter PADI Divemaster. Dar\u00fcber hinaus f\u00fchre ich Past Life Regression und Regression Healing Sitzungen durch. In meinem vorherigen Berufsleben war ich als Betriebswirt u. a. als Financial Controller fast 15 Jahre t\u00e4tig. \n<br><br>Ich organisiere weltweite Tauchtouren, die von lokalen Reiseveranstaltern in den jeweiligen L\u00e4ndern durchgef\u00fchrt werden. Diese Reisen sind speziell f\u00fcr Menschen konzipiert, die spirituell interessiert sind und eine Leidenschaft f\u00fcr das Tauchen haben. Tauche tief ein und 'Encompass' die Sch\u00f6nheit der Ozeane, die Tier- und Pflanzenwelt des Meeres als auch in die Geschichte der lokalen Umgebung. Wir kommen als halbprivate spirituelle Gruppe zusammen, um unsere unterschiedlichen Ansichten und Visionen mit Beginn des Wassermannzeitalters zu teilen. <br><br>Begleitet werden die Touren von einem lokalen Reiseleiter, den Taulehrern\/Divemastern der jeweiligen Tauchcenter Crews und mir selbst. Ziel ist es einen abwechslungsreichen Blick auf die unterschiedlichen Tauchpl\u00e4tze in der Region zu erhalten bis hin zu Korallen-, Wrack-, 30-Meter-Tauchg\u00e4ngen und Drift Dives.  Aus diesem Grund ist Taucherfahrung notwendig. Wir beginnen jedoch langsam um in den Rhythmus zu kommen. \n<br>Mit diesen speziellen Touren, die rund um das Tauchen ausgerichtet sind, schaffen wir als Gruppe einen homogenen Zusammenhalt und einen gemeinschaftlichen Kontext, der weit entfernt ist vom allgemeinen Tourismus.\n<br><br>Kurzgefasst:<\/p>\t\t\t\t<\/div>\n\t\t\t\t<\/div>\n\t\t\t\t<div class=\"elementor-element elementor-element-c407a75 elementor-icon-list--layout-traditional elementor-list-item-link-full_width elementor-widget elementor-widget-icon-list\" data-id=\"c407a75\" data-element_type=\"widget\" data-e-type=\"widget\" data-widget_type=\"icon-list.default\">\n\t\t\t\t<div class=\"elementor-widget-container\">\n\t\t\t\t\t\t\t<ul class=\"elementor-icon-list-items\">\n\t\t\t\t\t\t\t<li class=\"elementor-icon-list-item\">\n\t\t\t\t\t\t\t\t\t\t\t<span class=\"elementor-icon-list-icon\">\n\t\t\t\t\t\t\t<i aria-hidden=\"true\" class=\"fas fa-caret-right\"><\/i>\t\t\t\t\t\t<\/span>\n\t\t\t\t\t\t\t\t\t\t<span class=\"elementor-icon-list-text\"><span style=\"font-family: Lato, sans-serif;font-size: 16px\">F\u00fchrung hochwertiger Tauchausfl\u00fcge in kleiner, \u00fcberschaubarer Gruppe.<\/span><\/span>\n\t\t\t\t\t\t\t\t\t<\/li>\n\t\t\t\t\t\t\t\t<li class=\"elementor-icon-list-item\">\n\t\t\t\t\t\t\t\t\t\t\t<span class=\"elementor-icon-list-icon\">\n\t\t\t\t\t\t\t<i aria-hidden=\"true\" class=\"fas fa-caret-right\"><\/i>\t\t\t\t\t\t<\/span>\n\t\t\t\t\t\t\t\t\t\t<span class=\"elementor-icon-list-text\"><span style=\"font-family: Lato, sans-serif;font-size: 16px\">Kompetente Ausf\u00fchrung durch einen professionellen PADI Divemaster in Zusammenarbeit mit den \u00f6rtlichen Tauchzentren und der Reiseorganisation. <\/span><\/span>\n\t\t\t\t\t\t\t\t\t<\/li>\n\t\t\t\t\t\t\t\t<li class=\"elementor-icon-list-item\">\n\t\t\t\t\t\t\t\t\t\t\t<span class=\"elementor-icon-list-icon\">\n\t\t\t\t\t\t\t<i aria-hidden=\"true\" class=\"fas fa-caret-right\"><\/i>\t\t\t\t\t\t<\/span>\n\t\t\t\t\t\t\t\t\t\t<span class=\"elementor-icon-list-text\"><span style=\"font-family: Lato, sans-serif;font-size: 16px\">Bewundern und bestaunen der Unterwasserwelt, der lokalen Landschaft und Geschichte ohne Zeitdruck und abseits des Massentourismus.<\/span><\/span>\n\t\t\t\t\t\t\t\t\t<\/li>\n\t\t\t\t\t\t\t\t<li class=\"elementor-icon-list-item\">\n\t\t\t\t\t\t\t\t\t\t\t<span class=\"elementor-icon-list-icon\">\n\t\t\t\t\t\t\t<i aria-hidden=\"true\" class=\"fas fa-caret-right\"><\/i>\t\t\t\t\t\t<\/span>\n\t\t\t\t\t\t\t\t\t\t<span class=\"elementor-icon-list-text\"><span style=\"font-family: Lato, sans-serif;font-size: 16px\">Neben dem Tauchen eine ausgewogene Mischung aus pers\u00f6nlichem Austausch, lokalen Besuchen und Zeit zum Ausruhen und Entspannen.<\/span><\/span>\n\t\t\t\t\t\t\t\t\t<\/li>\n\t\t\t\t\t\t\t\t<li class=\"elementor-icon-list-item\">\n\t\t\t\t\t\t\t\t\t\t\t<span class=\"elementor-icon-list-icon\">\n\t\t\t\t\t\t\t<i aria-hidden=\"true\" class=\"fas fa-caret-right\"><\/i>\t\t\t\t\t\t<\/span>\n\t\t\t\t\t\t\t\t\t\t<span class=\"elementor-icon-list-text\"><span style=\"font-family: Lato, sans-serif;font-size: 16px\">Preis- Leistungsverh\u00e4ltnis f\u00fcr nahezu private Gruppen, die hohe Anforderungen erf\u00fcllt.<\/span><\/span>\n\t\t\t\t\t\t\t\t\t<\/li>\n\t\t\t\t\t\t<\/ul>\n\t\t\t\t\t\t<\/div>\n\t\t\t\t<\/div>\n\t\t\t\t\t<\/div>\n\t\t<\/div>\n\t\t\t\t\t<\/div>\n\t\t<\/section>\n\t\t\t\t<section class=\"elementor-section elementor-top-section elementor-element elementor-element-6c0597b elementor-section-boxed elementor-section-height-default elementor-section-height-default\" data-id=\"6c0597b\" data-element_type=\"section\" data-e-type=\"section\">\n\t\t\t\t\t\t<div class=\"elementor-container elementor-column-gap-default\">\n\t\t\t\t\t<div class=\"elementor-column elementor-col-100 elementor-top-column elementor-element elementor-element-5def9a9\" data-id=\"5def9a9\" data-element_type=\"column\" data-e-type=\"column\">\n\t\t\t<div class=\"elementor-widget-wrap elementor-element-populated\">\n\t\t\t\t\t\t<div class=\"elementor-element elementor-element-7e10e96 elementor-widget elementor-widget-spacer\" data-id=\"7e10e96\" data-element_type=\"widget\" data-e-type=\"widget\" data-widget_type=\"spacer.default\">\n\t\t\t\t<div class=\"elementor-widget-container\">\n\t\t\t\t\t\t\t<div class=\"elementor-spacer\">\n\t\t\t<div class=\"elementor-spacer-inner\"><\/div>\n\t\t<\/div>\n\t\t\t\t\t\t<\/div>\n\t\t\t\t<\/div>\n\t\t\t\t<div class=\"elementor-element elementor-element-6821402 elementor-widget elementor-widget-spacer\" data-id=\"6821402\" data-element_type=\"widget\" data-e-type=\"widget\" data-widget_type=\"spacer.default\">\n\t\t\t\t<div class=\"elementor-widget-container\">\n\t\t\t\t\t\t\t<div class=\"elementor-spacer\">\n\t\t\t<div class=\"elementor-spacer-inner\"><\/div>\n\t\t<\/div>\n\t\t\t\t\t\t<\/div>\n\t\t\t\t<\/div>\n\t\t\t\t\t<\/div>\n\t\t<\/div>\n\t\t\t\t\t<\/div>\n\t\t<\/section>\n\t\t\t\t<\/div>\n\t\t","protected":false},"excerpt":{"rendered":"<p>Encompass Diving WILLKOMMEN WILLKOMMEN bei Encompass Diving Wenn Du eine Leidenschaft f\u00fcr das Tauchen hast und wenn Du Dich selbst als spirituell betrachtest, dann bist Du hier auf der richtigen Seite. Mein Name ist Oliver und ich bin lizenzierter PADI Divemaster. Dar\u00fcber hinaus f\u00fchre ich Past Life Regression und Regression Healing Sitzungen durch. In meinem [&hellip;]<\/p>\n","protected":false},"author":1,"featured_media":0,"parent":2354,"menu_order":1,"comment_status":"closed","ping_status":"closed","template":"","meta":{"footnotes":""},"class_list":["post-2333","page","type-page","status-publish","hentry"],"_links":{"self":[{"href":"https:\/\/diveindepth.com\/encompass-diving\/wp-json\/wp\/v2\/pages\/2333","targetHints":{"allow":["GET"]}}],"collection":[{"href":"https:\/\/diveindepth.com\/encompass-diving\/wp-json\/wp\/v2\/pages"}],"about":[{"href":"https:\/\/diveindepth.com\/encompass-diving\/wp-json\/wp\/v2\/types\/page"}],"author":[{"embeddable":true,"href":"https:\/\/diveindepth.com\/encompass-diving\/wp-json\/wp\/v2\/users\/1"}],"replies":[{"embeddable":true,"href":"https:\/\/diveindepth.com\/encompass-diving\/wp-json\/wp\/v2\/comments?post=2333"}],"version-history":[{"count":16,"href":"https:\/\/diveindepth.com\/encompass-diving\/wp-json\/wp\/v2\/pages\/2333\/revisions"}],"predecessor-version":[{"id":2722,"href":"https:\/\/diveindepth.com\/encompass-diving\/wp-json\/wp\/v2\/pages\/2333\/revisions\/2722"}],"up":[{"embeddable":true,"href":"https:\/\/diveindepth.com\/encompass-diving\/wp-json\/wp\/v2\/pages\/2354"}],"wp:attachment":[{"href":"https:\/\/diveindepth.com\/encompass-diving\/wp-json\/wp\/v2\/media?parent=2333"}],"curies":[{"name":"wp","href":"https:\/\/api.w.org\/{rel}","templated":true}]}}