{"id":2335,"date":"2020-06-16T20:37:15","date_gmt":"2020-06-16T18:37:15","guid":{"rendered":"https:\/\/diveindepth.com\/encompass-diving\/?page_id=2335"},"modified":"2021-02-04T15:54:37","modified_gmt":"2021-02-04T14:54:37","slug":"expertise-de","status":"publish","type":"page","link":"https:\/\/diveindepth.com\/encompass-diving\/de\/erkunden\/expertise-de\/","title":{"rendered":"Expertise"},"content":{"rendered":"\t\t<div data-elementor-type=\"wp-post\" data-elementor-id=\"2335\" class=\"elementor elementor-2335\">\n\t\t\t\t\t\t<section class=\"elementor-section elementor-top-section elementor-element elementor-element-7aa64f7 elementor-section-boxed elementor-section-height-default elementor-section-height-default\" data-id=\"7aa64f7\" data-element_type=\"section\" data-e-type=\"section\">\n\t\t\t\t\t\t<div class=\"elementor-container elementor-column-gap-default\">\n\t\t\t\t\t<div class=\"elementor-column elementor-col-100 elementor-top-column elementor-element elementor-element-b96836b\" data-id=\"b96836b\" data-element_type=\"column\" data-e-type=\"column\">\n\t\t\t<div class=\"elementor-widget-wrap elementor-element-populated\">\n\t\t\t\t\t\t<div class=\"elementor-element elementor-element-5575c12 elementor-widget elementor-widget-spacer\" data-id=\"5575c12\" data-element_type=\"widget\" data-e-type=\"widget\" data-widget_type=\"spacer.default\">\n\t\t\t\t<div class=\"elementor-widget-container\">\n\t\t\t\t\t\t\t<div class=\"elementor-spacer\">\n\t\t\t<div class=\"elementor-spacer-inner\"><\/div>\n\t\t<\/div>\n\t\t\t\t\t\t<\/div>\n\t\t\t\t<\/div>\n\t\t\t\t\t<\/div>\n\t\t<\/div>\n\t\t\t\t\t<\/div>\n\t\t<\/section>\n\t\t\t\t<section class=\"elementor-section elementor-top-section elementor-element elementor-element-03923ee elementor-section-boxed elementor-section-height-default elementor-section-height-default\" data-id=\"03923ee\" data-element_type=\"section\" data-e-type=\"section\">\n\t\t\t\t\t\t<div class=\"elementor-container elementor-column-gap-default\">\n\t\t\t\t\t<div class=\"elementor-column elementor-col-50 elementor-top-column elementor-element elementor-element-c3e4085\" data-id=\"c3e4085\" data-element_type=\"column\" data-e-type=\"column\">\n\t\t\t<div class=\"elementor-widget-wrap elementor-element-populated\">\n\t\t\t\t\t\t<div class=\"elementor-element elementor-element-4b5ab6d elementor-widget elementor-widget-image\" data-id=\"4b5ab6d\" data-element_type=\"widget\" data-e-type=\"widget\" data-widget_type=\"image.default\">\n\t\t\t\t<div class=\"elementor-widget-container\">\n\t\t\t\t\t\t\t\t\t\t\t\t\t\t\t<img fetchpriority=\"high\" decoding=\"async\" width=\"557\" height=\"676\" src=\"https:\/\/diveindepth.com\/encompass-diving\/wp-content\/uploads\/2020\/04\/Pages-expertise.jpg\" class=\"attachment-full size-full wp-image-2001\" alt=\"\" srcset=\"https:\/\/diveindepth.com\/encompass-diving\/wp-content\/uploads\/2020\/04\/Pages-expertise.jpg 557w, https:\/\/diveindepth.com\/encompass-diving\/wp-content\/uploads\/2020\/04\/Pages-expertise-247x300.jpg 247w\" sizes=\"(max-width: 557px) 100vw, 557px\" \/>\t\t\t\t\t\t\t\t\t\t\t\t\t\t\t<\/div>\n\t\t\t\t<\/div>\n\t\t\t\t\t<\/div>\n\t\t<\/div>\n\t\t\t\t<div class=\"elementor-column elementor-col-50 elementor-top-column elementor-element elementor-element-b3c71e9\" data-id=\"b3c71e9\" data-element_type=\"column\" data-e-type=\"column\">\n\t\t\t<div class=\"elementor-widget-wrap elementor-element-populated\">\n\t\t\t\t\t\t<section class=\"elementor-section elementor-inner-section elementor-element elementor-element-298b083 elementor-section-boxed elementor-section-height-default elementor-section-height-default\" data-id=\"298b083\" data-element_type=\"section\" data-e-type=\"section\" data-settings=\"{&quot;background_background&quot;:&quot;classic&quot;}\">\n\t\t\t\t\t\t<div class=\"elementor-container elementor-column-gap-default\">\n\t\t\t\t\t<div class=\"elementor-column elementor-col-100 elementor-inner-column elementor-element elementor-element-42ebfb8\" data-id=\"42ebfb8\" data-element_type=\"column\" data-e-type=\"column\" data-settings=\"{&quot;background_background&quot;:&quot;classic&quot;}\">\n\t\t\t<div class=\"elementor-widget-wrap elementor-element-populated\">\n\t\t\t\t\t\t<div class=\"elementor-element elementor-element-0dfff3f elementor-widget elementor-widget-heading\" data-id=\"0dfff3f\" data-element_type=\"widget\" data-e-type=\"widget\" data-widget_type=\"heading.default\">\n\t\t\t\t<div class=\"elementor-widget-container\">\n\t\t\t\t\t<p class=\"elementor-heading-title elementor-size-default\">Encompass Diving<\/p>\t\t\t\t<\/div>\n\t\t\t\t<\/div>\n\t\t\t\t<div class=\"elementor-element elementor-element-4516f86 elementor-widget elementor-widget-heading\" data-id=\"4516f86\" data-element_type=\"widget\" data-e-type=\"widget\" data-widget_type=\"heading.default\">\n\t\t\t\t<div class=\"elementor-widget-container\">\n\t\t\t\t\t<h2 class=\"elementor-heading-title elementor-size-default\">Expertise<\/h2>\t\t\t\t<\/div>\n\t\t\t\t<\/div>\n\t\t\t\t\t<\/div>\n\t\t<\/div>\n\t\t\t\t\t<\/div>\n\t\t<\/section>\n\t\t\t\t<div class=\"elementor-element elementor-element-6e70c58 elementor-widget elementor-widget-heading\" data-id=\"6e70c58\" data-element_type=\"widget\" data-e-type=\"widget\" data-widget_type=\"heading.default\">\n\t\t\t\t<div class=\"elementor-widget-container\">\n\t\t\t\t\t<p class=\"elementor-heading-title elementor-size-default\">Oliver ist ein professioneller PADI Divemaster, der sich neben der Regression Healing T\u00e4tigkeit auf Tauchtouren rund um die Welt (Kalt- und Warmwasser) spezialisiert hat. <br>\n \n\n<br>\n\nEr konzentriert sich dabei darauf, der Gruppe von Reisenden die besten M\u00f6glichkeiten zum Tauchen zu bieten. Er zeigt den Teilnehmern die wundersch\u00f6nen Landschaften auch au\u00dferhalb des Wassers, deren Geschichte und Kultur und verbindet dieses gerne mit \u00f6rtlichen Energiepl\u00e4tzen. <br><br>Dar\u00fcber hinaus bietet Oliver Regression Healing Sitzungen w\u00e4hrend der Reise an. Da er sehr spirituell ist, hast Du die M\u00f6glichkeit unterschiedliche und breitgef\u00e4cherte Themen aus einer anderen Perspektive zu diskutieren die im engen Zusammenhang mit seiner Hypnosetherapie und T\u00e4tigkeit stehen.<br>\n\n<br>Sein Wunsch ist es auch langfriste Verbindungen und Beziehungen zu seinen Reisebegleitern und seinen Klienten aufzubauen, basierend auf dem h\u00f6chsten Ma\u00df an Vertrauen und Service den er anbietet.<br>\n\n<br>\nOlivers Vision ist es das Tauchen, spirituelle Lehre(n) und Regression Healing in Freude zusammenzuf\u00fchren um ein Wachstumsf\u00f6rderer zu werden um Menschen auf Ihrem Weg zu F\u00fclle, Gesundheit und Gl\u00fcck zu unterst\u00fctzen.\n<br><br>\nSei willkommen in einer entspannten, friedlichen und liebevollen Energie! \n\n<\/p>\t\t\t\t<\/div>\n\t\t\t\t<\/div>\n\t\t\t\t\t<\/div>\n\t\t<\/div>\n\t\t\t\t\t<\/div>\n\t\t<\/section>\n\t\t\t\t<section class=\"elementor-section elementor-top-section elementor-element elementor-element-a887029 elementor-section-boxed elementor-section-height-default elementor-section-height-default\" data-id=\"a887029\" data-element_type=\"section\" data-e-type=\"section\">\n\t\t\t\t\t\t<div class=\"elementor-container elementor-column-gap-default\">\n\t\t\t\t\t<div class=\"elementor-column elementor-col-100 elementor-top-column elementor-element elementor-element-bb59584\" data-id=\"bb59584\" data-element_type=\"column\" data-e-type=\"column\">\n\t\t\t<div class=\"elementor-widget-wrap elementor-element-populated\">\n\t\t\t\t\t\t<div class=\"elementor-element elementor-element-bec2575 elementor-widget elementor-widget-spacer\" data-id=\"bec2575\" data-element_type=\"widget\" data-e-type=\"widget\" data-widget_type=\"spacer.default\">\n\t\t\t\t<div class=\"elementor-widget-container\">\n\t\t\t\t\t\t\t<div class=\"elementor-spacer\">\n\t\t\t<div class=\"elementor-spacer-inner\"><\/div>\n\t\t<\/div>\n\t\t\t\t\t\t<\/div>\n\t\t\t\t<\/div>\n\t\t\t\t\t<\/div>\n\t\t<\/div>\n\t\t\t\t\t<\/div>\n\t\t<\/section>\n\t\t\t\t<section class=\"elementor-section elementor-top-section elementor-element elementor-element-e57ac78 elementor-section-full_width elementor-hidden-tablet elementor-hidden-phone elementor-section-height-default elementor-section-height-default\" data-id=\"e57ac78\" data-element_type=\"section\" data-e-type=\"section\" data-settings=\"{&quot;background_background&quot;:&quot;classic&quot;}\">\n\t\t\t\t\t\t<div class=\"elementor-container elementor-column-gap-default\">\n\t\t\t\t\t<div class=\"elementor-column elementor-col-100 elementor-top-column elementor-element elementor-element-9bef251\" data-id=\"9bef251\" data-element_type=\"column\" data-e-type=\"column\">\n\t\t\t<div class=\"elementor-widget-wrap elementor-element-populated\">\n\t\t\t\t\t\t<div class=\"elementor-element elementor-element-6082372 elementor-widget elementor-widget-spacer\" data-id=\"6082372\" data-element_type=\"widget\" data-e-type=\"widget\" data-widget_type=\"spacer.default\">\n\t\t\t\t<div class=\"elementor-widget-container\">\n\t\t\t\t\t\t\t<div class=\"elementor-spacer\">\n\t\t\t<div class=\"elementor-spacer-inner\"><\/div>\n\t\t<\/div>\n\t\t\t\t\t\t<\/div>\n\t\t\t\t<\/div>\n\t\t\t\t\t<\/div>\n\t\t<\/div>\n\t\t\t\t\t<\/div>\n\t\t<\/section>\n\t\t\t\t<section class=\"elementor-section elementor-top-section elementor-element elementor-element-d74b091 elementor-hidden-tablet elementor-hidden-phone elementor-section-boxed elementor-section-height-default elementor-section-height-default\" data-id=\"d74b091\" data-element_type=\"section\" data-e-type=\"section\">\n\t\t\t\t\t\t<div class=\"elementor-container elementor-column-gap-default\">\n\t\t\t\t\t<div class=\"elementor-column elementor-col-16 elementor-top-column elementor-element elementor-element-c0fd268\" data-id=\"c0fd268\" data-element_type=\"column\" data-e-type=\"column\">\n\t\t\t<div class=\"elementor-widget-wrap\">\n\t\t\t\t\t\t\t<\/div>\n\t\t<\/div>\n\t\t\t\t<div class=\"elementor-column elementor-col-66 elementor-top-column elementor-element elementor-element-7950fc2\" data-id=\"7950fc2\" data-element_type=\"column\" data-e-type=\"column\" data-settings=\"{&quot;background_background&quot;:&quot;classic&quot;}\">\n\t\t\t<div class=\"elementor-widget-wrap elementor-element-populated\">\n\t\t\t\t\t\t<div class=\"elementor-element elementor-element-06af13e elementor-widget elementor-widget-heading\" data-id=\"06af13e\" data-element_type=\"widget\" data-e-type=\"widget\" data-widget_type=\"heading.default\">\n\t\t\t\t<div class=\"elementor-widget-container\">\n\t\t\t\t\t<p class=\"elementor-heading-title elementor-size-default\">Interessiert? <\/p>\t\t\t\t<\/div>\n\t\t\t\t<\/div>\n\t\t\t\t<div class=\"elementor-element elementor-element-cff9a46 elementor-widget elementor-widget-heading\" data-id=\"cff9a46\" data-element_type=\"widget\" data-e-type=\"widget\" data-widget_type=\"heading.default\">\n\t\t\t\t<div class=\"elementor-widget-container\">\n\t\t\t\t\t<h2 class=\"elementor-heading-title elementor-size-default\">KONTAKTIERE MICH<\/h2>\t\t\t\t<\/div>\n\t\t\t\t<\/div>\n\t\t\t\t<div class=\"elementor-element elementor-element-08523fa elementor-widget elementor-widget-heading\" data-id=\"08523fa\" data-element_type=\"widget\" data-e-type=\"widget\" data-widget_type=\"heading.default\">\n\t\t\t\t<div class=\"elementor-widget-container\">\n\t\t\t\t\t<p class=\"elementor-heading-title elementor-size-default\">Hast Du fragen oder m\u00f6chtest Du an einer Tauchtour teilnehmen?<\/p>\t\t\t\t<\/div>\n\t\t\t\t<\/div>\n\t\t\t\t<div class=\"elementor-element elementor-element-53e3957 elementor-align-center elementor-widget elementor-widget-button\" data-id=\"53e3957\" data-element_type=\"widget\" data-e-type=\"widget\" data-widget_type=\"button.default\">\n\t\t\t\t<div class=\"elementor-widget-container\">\n\t\t\t\t\t\t\t\t\t<div class=\"elementor-button-wrapper\">\n\t\t\t\t\t<a class=\"elementor-button elementor-button-link elementor-size-md\" href=\"https:\/\/diveindepth.com\/encompass-diving\/de\/kontakt\/\">\n\t\t\t\t\t\t<span class=\"elementor-button-content-wrapper\">\n\t\t\t\t\t\t\t\t\t<span class=\"elementor-button-text\">Kontakt<\/span>\n\t\t\t\t\t<\/span>\n\t\t\t\t\t<\/a>\n\t\t\t\t<\/div>\n\t\t\t\t\t\t\t\t<\/div>\n\t\t\t\t<\/div>\n\t\t\t\t\t<\/div>\n\t\t<\/div>\n\t\t\t\t<div class=\"elementor-column elementor-col-16 elementor-top-column elementor-element elementor-element-20da2b3\" data-id=\"20da2b3\" data-element_type=\"column\" data-e-type=\"column\">\n\t\t\t<div class=\"elementor-widget-wrap\">\n\t\t\t\t\t\t\t<\/div>\n\t\t<\/div>\n\t\t\t\t\t<\/div>\n\t\t<\/section>\n\t\t\t\t<section class=\"elementor-section elementor-top-section elementor-element elementor-element-6c0597b elementor-section-boxed elementor-section-height-default elementor-section-height-default\" data-id=\"6c0597b\" data-element_type=\"section\" data-e-type=\"section\">\n\t\t\t\t\t\t<div class=\"elementor-container elementor-column-gap-default\">\n\t\t\t\t\t<div class=\"elementor-column elementor-col-100 elementor-top-column elementor-element elementor-element-5def9a9\" data-id=\"5def9a9\" data-element_type=\"column\" data-e-type=\"column\">\n\t\t\t<div class=\"elementor-widget-wrap elementor-element-populated\">\n\t\t\t\t\t\t<div class=\"elementor-element elementor-element-7e10e96 elementor-widget elementor-widget-spacer\" data-id=\"7e10e96\" data-element_type=\"widget\" data-e-type=\"widget\" data-widget_type=\"spacer.default\">\n\t\t\t\t<div class=\"elementor-widget-container\">\n\t\t\t\t\t\t\t<div class=\"elementor-spacer\">\n\t\t\t<div class=\"elementor-spacer-inner\"><\/div>\n\t\t<\/div>\n\t\t\t\t\t\t<\/div>\n\t\t\t\t<\/div>\n\t\t\t\t\t<\/div>\n\t\t<\/div>\n\t\t\t\t\t<\/div>\n\t\t<\/section>\n\t\t\t\t<\/div>\n\t\t","protected":false},"excerpt":{"rendered":"<p>Encompass Diving Expertise Oliver ist ein professioneller PADI Divemaster, der sich neben der Regression Healing T\u00e4tigkeit auf Tauchtouren rund um die Welt (Kalt- und Warmwasser) spezialisiert hat. Er konzentriert sich dabei darauf, der Gruppe von Reisenden die besten M\u00f6glichkeiten zum Tauchen zu bieten. Er zeigt den Teilnehmern die wundersch\u00f6nen Landschaften auch au\u00dferhalb des Wassers, deren [&hellip;]<\/p>\n","protected":false},"author":1,"featured_media":0,"parent":2354,"menu_order":3,"comment_status":"closed","ping_status":"closed","template":"page-templates\/pagebuilder.php","meta":{"footnotes":""},"class_list":["post-2335","page","type-page","status-publish","hentry"],"_links":{"self":[{"href":"https:\/\/diveindepth.com\/encompass-diving\/wp-json\/wp\/v2\/pages\/2335","targetHints":{"allow":["GET"]}}],"collection":[{"href":"https:\/\/diveindepth.com\/encompass-diving\/wp-json\/wp\/v2\/pages"}],"about":[{"href":"https:\/\/diveindepth.com\/encompass-diving\/wp-json\/wp\/v2\/types\/page"}],"author":[{"embeddable":true,"href":"https:\/\/diveindepth.com\/encompass-diving\/wp-json\/wp\/v2\/users\/1"}],"replies":[{"embeddable":true,"href":"https:\/\/diveindepth.com\/encompass-diving\/wp-json\/wp\/v2\/comments?post=2335"}],"version-history":[{"count":9,"href":"https:\/\/diveindepth.com\/encompass-diving\/wp-json\/wp\/v2\/pages\/2335\/revisions"}],"predecessor-version":[{"id":2793,"href":"https:\/\/diveindepth.com\/encompass-diving\/wp-json\/wp\/v2\/pages\/2335\/revisions\/2793"}],"up":[{"embeddable":true,"href":"https:\/\/diveindepth.com\/encompass-diving\/wp-json\/wp\/v2\/pages\/2354"}],"wp:attachment":[{"href":"https:\/\/diveindepth.com\/encompass-diving\/wp-json\/wp\/v2\/media?parent=2335"}],"curies":[{"name":"wp","href":"https:\/\/api.w.org\/{rel}","templated":true}]}}