{"id":2340,"date":"2020-06-16T20:42:01","date_gmt":"2020-06-16T18:42:01","guid":{"rendered":"https:\/\/diveindepth.com\/encompass-diving\/?page_id=2340"},"modified":"2022-10-15T00:53:19","modified_gmt":"2022-10-14T22:53:19","slug":"tauchanforderungen","status":"publish","type":"page","link":"https:\/\/diveindepth.com\/encompass-diving\/de\/erkunden\/tauchanforderungen\/","title":{"rendered":"Tauchanforderungen"},"content":{"rendered":"\t\t<div data-elementor-type=\"wp-post\" data-elementor-id=\"2340\" class=\"elementor elementor-2340\">\n\t\t\t\t\t\t<section class=\"elementor-section elementor-top-section elementor-element elementor-element-7aa64f7 elementor-section-boxed elementor-section-height-default elementor-section-height-default\" data-id=\"7aa64f7\" data-element_type=\"section\" data-e-type=\"section\">\n\t\t\t\t\t\t<div class=\"elementor-container elementor-column-gap-default\">\n\t\t\t\t\t<div class=\"elementor-column elementor-col-100 elementor-top-column elementor-element elementor-element-b96836b\" data-id=\"b96836b\" data-element_type=\"column\" data-e-type=\"column\">\n\t\t\t<div class=\"elementor-widget-wrap elementor-element-populated\">\n\t\t\t\t\t\t<div class=\"elementor-element elementor-element-5575c12 elementor-widget elementor-widget-spacer\" data-id=\"5575c12\" data-element_type=\"widget\" data-e-type=\"widget\" data-widget_type=\"spacer.default\">\n\t\t\t\t<div class=\"elementor-widget-container\">\n\t\t\t\t\t\t\t<div class=\"elementor-spacer\">\n\t\t\t<div class=\"elementor-spacer-inner\"><\/div>\n\t\t<\/div>\n\t\t\t\t\t\t<\/div>\n\t\t\t\t<\/div>\n\t\t\t\t\t<\/div>\n\t\t<\/div>\n\t\t\t\t\t<\/div>\n\t\t<\/section>\n\t\t\t\t<section class=\"elementor-section elementor-top-section elementor-element elementor-element-03923ee elementor-section-boxed elementor-section-height-default elementor-section-height-default\" data-id=\"03923ee\" data-element_type=\"section\" data-e-type=\"section\">\n\t\t\t\t\t\t<div class=\"elementor-container elementor-column-gap-default\">\n\t\t\t\t\t<div class=\"elementor-column elementor-col-50 elementor-top-column elementor-element elementor-element-c3e4085\" data-id=\"c3e4085\" data-element_type=\"column\" data-e-type=\"column\">\n\t\t\t<div class=\"elementor-widget-wrap elementor-element-populated\">\n\t\t\t\t\t\t<div class=\"elementor-element elementor-element-4b5ab6d elementor-widget elementor-widget-image\" data-id=\"4b5ab6d\" data-element_type=\"widget\" data-e-type=\"widget\" data-widget_type=\"image.default\">\n\t\t\t\t<div class=\"elementor-widget-container\">\n\t\t\t\t\t\t\t\t\t\t\t\t\t\t\t<img fetchpriority=\"high\" decoding=\"async\" width=\"557\" height=\"676\" src=\"https:\/\/diveindepth.com\/encompass-diving\/wp-content\/uploads\/2020\/05\/Pages-requirements.jpg\" class=\"attachment-full size-full wp-image-2129\" alt=\"\" srcset=\"https:\/\/diveindepth.com\/encompass-diving\/wp-content\/uploads\/2020\/05\/Pages-requirements.jpg 557w, https:\/\/diveindepth.com\/encompass-diving\/wp-content\/uploads\/2020\/05\/Pages-requirements-247x300.jpg 247w\" sizes=\"(max-width: 557px) 100vw, 557px\" \/>\t\t\t\t\t\t\t\t\t\t\t\t\t\t\t<\/div>\n\t\t\t\t<\/div>\n\t\t\t\t\t<\/div>\n\t\t<\/div>\n\t\t\t\t<div class=\"elementor-column elementor-col-50 elementor-top-column elementor-element elementor-element-b3c71e9\" data-id=\"b3c71e9\" data-element_type=\"column\" data-e-type=\"column\">\n\t\t\t<div class=\"elementor-widget-wrap elementor-element-populated\">\n\t\t\t\t\t\t<section class=\"elementor-section elementor-inner-section elementor-element elementor-element-298b083 elementor-section-boxed elementor-section-height-default elementor-section-height-default\" data-id=\"298b083\" data-element_type=\"section\" data-e-type=\"section\" data-settings=\"{&quot;background_background&quot;:&quot;classic&quot;}\">\n\t\t\t\t\t\t<div class=\"elementor-container elementor-column-gap-default\">\n\t\t\t\t\t<div class=\"elementor-column elementor-col-100 elementor-inner-column elementor-element elementor-element-42ebfb8\" data-id=\"42ebfb8\" data-element_type=\"column\" data-e-type=\"column\" data-settings=\"{&quot;background_background&quot;:&quot;classic&quot;}\">\n\t\t\t<div class=\"elementor-widget-wrap elementor-element-populated\">\n\t\t\t\t\t\t<div class=\"elementor-element elementor-element-0dfff3f elementor-widget elementor-widget-heading\" data-id=\"0dfff3f\" data-element_type=\"widget\" data-e-type=\"widget\" data-widget_type=\"heading.default\">\n\t\t\t\t<div class=\"elementor-widget-container\">\n\t\t\t\t\t<p class=\"elementor-heading-title elementor-size-default\">Encompass Diving<\/p>\t\t\t\t<\/div>\n\t\t\t\t<\/div>\n\t\t\t\t<div class=\"elementor-element elementor-element-4516f86 elementor-widget elementor-widget-heading\" data-id=\"4516f86\" data-element_type=\"widget\" data-e-type=\"widget\" data-widget_type=\"heading.default\">\n\t\t\t\t<div class=\"elementor-widget-container\">\n\t\t\t\t\t<h2 class=\"elementor-heading-title elementor-size-default\">Tauchanforderungen <\/h2>\t\t\t\t<\/div>\n\t\t\t\t<\/div>\n\t\t\t\t\t<\/div>\n\t\t<\/div>\n\t\t\t\t\t<\/div>\n\t\t<\/section>\n\t\t\t\t<div class=\"elementor-element elementor-element-6e70c58 elementor-widget elementor-widget-heading\" data-id=\"6e70c58\" data-element_type=\"widget\" data-e-type=\"widget\" data-widget_type=\"heading.default\">\n\t\t\t\t<div class=\"elementor-widget-container\">\n\t\t\t\t\t<p class=\"elementor-heading-title elementor-size-default\">Da sich die Reisen auf Freude, Sch\u00f6nheit und Respekt f\u00fcr die Wasserumgebung konzentrieren, ist es erforderlich, dass alle Reisemitglieder die tauchen \u00fcber ein Open-Water-Zertifikat verf\u00fcgen. Auf einigen Reisen und abh\u00e4ngig von der Reisegruppe fragen wir nach einem Advanced-Open-Zertifikat.  In diesem Fall nutzen wir die 30 Meter, Drift- und Depcompression Dives aus. Bei der Reise geht es nicht darum das Tauchen zu unterrichten, d. h. nicht, dass es egal w\u00e4re das Tauchen zu vermitteln. Oliver ist es sogar sehr wichtig! Neben dem Spa\u00df am Tauchen steht jedoch hier die Sicherheit des einzelnen ganz oben, was Taucherfahrung voraussetzt.\n\n\n<br><br>\nAndere wichtige Punkte die zu beachten sind:\n<\/p>\t\t\t\t<\/div>\n\t\t\t\t<\/div>\n\t\t\t\t<div class=\"elementor-element elementor-element-a285efa elementor-icon-list--layout-traditional elementor-list-item-link-full_width elementor-widget elementor-widget-icon-list\" data-id=\"a285efa\" data-element_type=\"widget\" data-e-type=\"widget\" data-widget_type=\"icon-list.default\">\n\t\t\t\t<div class=\"elementor-widget-container\">\n\t\t\t\t\t\t\t<ul class=\"elementor-icon-list-items\">\n\t\t\t\t\t\t\t<li class=\"elementor-icon-list-item\">\n\t\t\t\t\t\t\t\t\t\t\t<span class=\"elementor-icon-list-icon\">\n\t\t\t\t\t\t\t<i aria-hidden=\"true\" class=\"fas fa-caret-right\"><\/i>\t\t\t\t\t\t<\/span>\n\t\t\t\t\t\t\t\t\t\t<span class=\"elementor-icon-list-text\"><span style=\"font-family: Lato, sans-serif;font-size: 16px\">Jeder teilnehmende Taucher muss eine g\u00fcltige Tauchversicherung haben (z. B. DAN).<\/span><\/span>\n\t\t\t\t\t\t\t\t\t<\/li>\n\t\t\t\t\t\t\t\t<li class=\"elementor-icon-list-item\">\n\t\t\t\t\t\t\t\t\t\t\t<span class=\"elementor-icon-list-icon\">\n\t\t\t\t\t\t\t<i aria-hidden=\"true\" class=\"fas fa-caret-right\"><\/i>\t\t\t\t\t\t<\/span>\n\t\t\t\t\t\t\t\t\t\t<span class=\"elementor-icon-list-text\"><span style=\"font-family: Lato, sans-serif;font-size: 16px\">Jeder Taucher muss eine Haftungsfreistellung und eine Risikovereinbarung unterschreiben.<\/span><\/span>\n\t\t\t\t\t\t\t\t\t<\/li>\n\t\t\t\t\t\t\t\t<li class=\"elementor-icon-list-item\">\n\t\t\t\t\t\t\t\t\t\t\t<span class=\"elementor-icon-list-icon\">\n\t\t\t\t\t\t\t<i aria-hidden=\"true\" class=\"fas fa-caret-right\"><\/i>\t\t\t\t\t\t<\/span>\n\t\t\t\t\t\t\t\t\t\t<span class=\"elementor-icon-list-text\"><span style=\"font-family: Lato, sans-serif;font-size: 16px\">Es ist auch notwendig, die Standard-Erkl\u00e4rung zum sicheren Tauchen zu unterschreiben.<\/span><\/span>\n\t\t\t\t\t\t\t\t\t<\/li>\n\t\t\t\t\t\t\t\t<li class=\"elementor-icon-list-item\">\n\t\t\t\t\t\t\t\t\t\t\t<span class=\"elementor-icon-list-icon\">\n\t\t\t\t\t\t\t<i aria-hidden=\"true\" class=\"fas fa-caret-right\"><\/i>\t\t\t\t\t\t<\/span>\n\t\t\t\t\t\t\t\t\t\t<span class=\"elementor-icon-list-text\"><span style=\"font-family: Lato, sans-serif;font-size: 16px\">Ein zertifizierter Taucher muss keine \u00e4rztliche Untersuchungserkl\u00e4rung abgeben. Wir empfehlen jedoch, dass das Formular f\u00fcr die medizinische Erkl\u00e4rung sorgf\u00e4ltig gelesen wird. Wenn Du der Meinung bist, dass eine medizinische Frage ein \u201eJa\u201c enth\u00e4lt, solltest Du einen Taucharzt konsultieren, der die Tauchf\u00e4higkeit sicherstellt. Erst dann solltest Du die Haftungs- und Risiko\u00fcbernahmeform unterschreiben. Hier vertrauen wir auf Eure gesunde Selbsteinsch\u00e4tzung.<\/span><\/span>\n\t\t\t\t\t\t\t\t\t<\/li>\n\t\t\t\t\t\t<\/ul>\n\t\t\t\t\t\t<\/div>\n\t\t\t\t<\/div>\n\t\t\t\t<div class=\"elementor-element elementor-element-cee0503 elementor-widget elementor-widget-heading\" data-id=\"cee0503\" data-element_type=\"widget\" data-e-type=\"widget\" data-widget_type=\"heading.default\">\n\t\t\t\t<div class=\"elementor-widget-container\">\n\t\t\t\t\t<p class=\"elementor-heading-title elementor-size-default\">Als allgemeine Anforderung bitten wir darum, dass jeder ein mittleres Englischniveau spricht. Dies hat nichts mit Ausgrenzung von jemandem zu tun. Es beinhaltet sogar das Gegenteil. Es ist wichtig, dass wir in einer Gruppe zusammenkommen und unsere Ansichten, Perspektiven und Erfahrungen teilen und dass sich niemand aufgrund von Sprachbarrieren ausgeschlossen f\u00fchlt.\n\n\n<br><br><b>Abgesehen davon \u2013 bringt Eure Liebe, Leidenschaft, Lachen und Freude in die Gruppe. Wir freuen uns Euch begr\u00fc\u00dfen zu d\u00fcrfen! \u263a <\/b>\n <\/p>\t\t\t\t<\/div>\n\t\t\t\t<\/div>\n\t\t\t\t\t<\/div>\n\t\t<\/div>\n\t\t\t\t\t<\/div>\n\t\t<\/section>\n\t\t\t\t<section class=\"elementor-section elementor-top-section elementor-element elementor-element-6c0597b elementor-section-boxed elementor-section-height-default elementor-section-height-default\" data-id=\"6c0597b\" data-element_type=\"section\" data-e-type=\"section\">\n\t\t\t\t\t\t<div class=\"elementor-container elementor-column-gap-default\">\n\t\t\t\t\t<div class=\"elementor-column elementor-col-100 elementor-top-column elementor-element elementor-element-5def9a9\" data-id=\"5def9a9\" data-element_type=\"column\" data-e-type=\"column\">\n\t\t\t<div class=\"elementor-widget-wrap elementor-element-populated\">\n\t\t\t\t\t\t<div class=\"elementor-element elementor-element-7e10e96 elementor-widget elementor-widget-spacer\" data-id=\"7e10e96\" data-element_type=\"widget\" data-e-type=\"widget\" data-widget_type=\"spacer.default\">\n\t\t\t\t<div class=\"elementor-widget-container\">\n\t\t\t\t\t\t\t<div class=\"elementor-spacer\">\n\t\t\t<div class=\"elementor-spacer-inner\"><\/div>\n\t\t<\/div>\n\t\t\t\t\t\t<\/div>\n\t\t\t\t<\/div>\n\t\t\t\t\t<\/div>\n\t\t<\/div>\n\t\t\t\t\t<\/div>\n\t\t<\/section>\n\t\t\t\t<\/div>\n\t\t","protected":false},"excerpt":{"rendered":"<p>Encompass Diving Tauchanforderungen Da sich die Reisen auf Freude, Sch\u00f6nheit und Respekt f\u00fcr die Wasserumgebung konzentrieren, ist es erforderlich, dass alle Reisemitglieder die tauchen \u00fcber ein Open-Water-Zertifikat verf\u00fcgen. Auf einigen Reisen und abh\u00e4ngig von der Reisegruppe fragen wir nach einem Advanced-Open-Zertifikat. In diesem Fall nutzen wir die 30 Meter, Drift- und Depcompression Dives aus. Bei [&hellip;]<\/p>\n","protected":false},"author":1,"featured_media":0,"parent":2354,"menu_order":2,"comment_status":"closed","ping_status":"closed","template":"","meta":{"footnotes":""},"class_list":["post-2340","page","type-page","status-publish","hentry"],"_links":{"self":[{"href":"https:\/\/diveindepth.com\/encompass-diving\/wp-json\/wp\/v2\/pages\/2340","targetHints":{"allow":["GET"]}}],"collection":[{"href":"https:\/\/diveindepth.com\/encompass-diving\/wp-json\/wp\/v2\/pages"}],"about":[{"href":"https:\/\/diveindepth.com\/encompass-diving\/wp-json\/wp\/v2\/types\/page"}],"author":[{"embeddable":true,"href":"https:\/\/diveindepth.com\/encompass-diving\/wp-json\/wp\/v2\/users\/1"}],"replies":[{"embeddable":true,"href":"https:\/\/diveindepth.com\/encompass-diving\/wp-json\/wp\/v2\/comments?post=2340"}],"version-history":[{"count":10,"href":"https:\/\/diveindepth.com\/encompass-diving\/wp-json\/wp\/v2\/pages\/2340\/revisions"}],"predecessor-version":[{"id":2966,"href":"https:\/\/diveindepth.com\/encompass-diving\/wp-json\/wp\/v2\/pages\/2340\/revisions\/2966"}],"up":[{"embeddable":true,"href":"https:\/\/diveindepth.com\/encompass-diving\/wp-json\/wp\/v2\/pages\/2354"}],"wp:attachment":[{"href":"https:\/\/diveindepth.com\/encompass-diving\/wp-json\/wp\/v2\/media?parent=2340"}],"curies":[{"name":"wp","href":"https:\/\/api.w.org\/{rel}","templated":true}]}}