{"id":2432,"date":"2020-06-21T11:45:16","date_gmt":"2020-06-21T09:45:16","guid":{"rendered":"https:\/\/diveindepth.com\/encompass-diving\/?page_id=2432"},"modified":"2020-08-13T09:08:33","modified_gmt":"2020-08-13T07:08:33","slug":"haftungsausschluss","status":"publish","type":"page","link":"https:\/\/diveindepth.com\/encompass-diving\/de\/haftungsausschluss\/","title":{"rendered":"Haftungsausschluss"},"content":{"rendered":"\n<h2 class=\"wp-block-heading\">Haftungsausschluss<\/h2>\n\n\n\n<p><a href=\"https:\/\/diveindepth.com\/encompass-diving\/disclaimer\/\">Click here for the English version<\/a><\/p>\n\n\n\n<p><strong><strong><strong>1. Inhalt des Onlineangebotes<\/strong><\/strong><\/strong><\/p>\n\n\n\n<p>Diveindepth.com \u00fcbernimmt keinerlei Gew\u00e4hr f\u00fcr die Aktualit\u00e4t, Korrektheit, Vollst\u00e4ndigkeit oder Qualit\u00e4t der bereitgestellten Informationen. Haftungsanspr\u00fcche gegen den Autor oder diveindepth.com, welche sich auf Sch\u00e4den materieller oder ideeller Art beziehen, die durch die Nutzung oder Nichtnutzung der dargebotenen Informationen bzw. durch die Nutzung fehlerhafter und unvollst\u00e4ndiger Informationen verursacht wurden, sind grunds\u00e4tzlich ausgeschlossen, sofern seitens des Autors oder diveindepth.com, kein nachweislich vors\u00e4tzliches oder grob fahrl\u00e4ssiges Verschulden vorliegt.<br>Alle Angebote sind freibleibend und unverbindlich. Der Autor beh\u00e4lt es sich ausdr\u00fccklich vor, Teile der Seiten oder das gesamte Angebot ohne gesonderte Ank\u00fcndigung zu ver\u00e4ndern, zu erg\u00e4nzen, zu l\u00f6schen oder die Ver\u00f6ffentlichung zeitweise oder endg\u00fcltig einzustellen.<\/p>\n\n\n\n<p><strong><strong><strong>2. Verweise und Links<\/strong><\/strong><\/strong><\/p>\n\n\n\n<p>Bei direkten oder indirekten Verweisen auf fremde Webseiten (\u201cHyperlinks\u201d), die au\u00dferhalb des Verantwortungsbereiches des Autors oder diveindepth.com liegen, w\u00fcrde eine Haftungsverpflichtung ausschlie\u00dflich in dem Fall in Kraft treten, in dem der Autor von den Inhalten Kenntnis hat und es ihm technisch m\u00f6glich und zumutbar w\u00e4re, die Nutzung im Falle rechtswidriger Inhalte zu verhindern.<br>Der Autor erkl\u00e4rt hiermit ausdr\u00fccklich, dass zum Zeitpunkt der Linksetzung keine illegalen Inhalte auf den zu verlinkenden Seiten erkennbar waren. Auf die aktuelle und zuk\u00fcnftige Gestaltung, die Inhalte oder die Urheberschaft der verlinkten\/verkn\u00fcpften Seiten hat der Autor keinerlei Einfluss. Deshalb distanziert er sich hiermit ausdr\u00fccklich von allen Inhalten aller verlinkten \/verkn\u00fcpften Seiten, die nach der Linksetzung ver\u00e4ndert wurden. Diese Feststellung gilt f\u00fcr alle innerhalb des eigenen Internetangebotes gesetzten Links und Verweise sowie f\u00fcr Fremdeintr\u00e4ge in vom Autor eingerichteten G\u00e4steb\u00fcchern, Diskussionsforen, Linksverzeichnissen, Mailinglisten und in allen anderen Formen von Datenbanken, auf deren Inhalt externe Schreibzugriffe m\u00f6glich sind. F\u00fcr illegale, fehlerhafte oder unvollst\u00e4ndige Inhalte und insbesondere f\u00fcr Sch\u00e4den, die aus der Nutzung oder Nichtnutzung solcherart dargebotener Informationen entstehen, haftet allein der Anbieter der Seite, auf welche verwiesen wurde, nicht derjenige, der \u00fcber Links auf die jeweilige Ver\u00f6ffentlichung lediglich verweist.<\/p>\n\n\n\n<p><\/p>\n\n\n\n<p><strong><strong><strong>3. Urheber- und Markenrecht<\/strong><\/strong><\/strong><\/p>\n\n\n\n<p>Die <a href=\"https:\/\/diveindepth.com\/encompass-diving\/de\/agbs\/\">Urheber- und Markenrechtsausf\u00fchrungen unter den AGB\u2019s<\/a> ist Teil dieses Haftungsausschlusses.<\/p>\n\n\n\n<p><\/p>\n\n\n\n<p><strong><strong>4. Datenschutz<\/strong><\/strong><\/p>\n\n\n\n<p>Die Datenschutzschutzausf\u00fchrungen unter: <a href=\"https:\/\/diveindepth.com\/encompass-diving\/de\/datenschutz0\/\">Datenschutz<\/a> sind Teil dieses Haftungsausschlusses.<\/p>\n\n\n\n<p><\/p>\n\n\n\n<p><strong><strong><strong>5. Keine Haftung durch Nutzung<\/strong><\/strong><\/strong><\/p>\n\n\n\n<p>Die Nutzung dieser Seiten sowie der von diveindepth.com erworbenen Software und Unterst\u00fctzung erfolgt auf Ihr alleiniges Risiko. Diese Website wird \u201eWIE GESEHEN\u201c und \u201eWIE VERF\u00dcGBAR\u201c bereitgestellt. Diveindepth.com lehnt ausdr\u00fccklich alle Garantien jeglicher Art ab, sei es ausdr\u00fccklich oder stillschweigend, einschlie\u00dflich, aber nicht beschr\u00e4nkt auf die stillschweigenden Garantien und Bedingungen der Marktg\u00e4ngigkeit, Eignung f\u00fcr einen bestimmten Zweck und Nichtverletzung in Bezug auf diese Website und Ihrer Software.<\/p>\n\n\n\n<p>Sie verstehen ausdr\u00fccklich und stimmen zu, dass diveindepth.com nicht f\u00fcr indirekte, zuf\u00e4llige, besondere Folgesch\u00e4den oder beispielhafte Sch\u00e4den haftet, einschlie\u00dflich, aber nicht beschr\u00e4nkt auf Sch\u00e4den f\u00fcr Umsatzverluste, Gewinne, Leistungen aus gutem Willen, Nutzung, Daten und\/oder Nichterf\u00fcllung der erwarteten Einsparungen oder anderer immaterieller Verluste, die sich aus Ihrer Nutzung dieser Website oder Software oder des von diveindepth.com erworbenen Dienstes ergeben, selbst wenn diveindepth.com auf die M\u00f6glichkeit solcher Sch\u00e4den hingewiesen wurde.<\/p>\n\n\n\n<p><strong><strong><strong>6. Rechtswirksamkeit dieses Haftungsausschlusses<\/strong><\/strong><\/strong><\/p>\n\n\n\n<p>Dieser Haftungsausschluss ist als Teil des Internetangebotes zu betrachten, von dem aus auf diese Seite verwiesen wurde. Sofern Teile oder einzelne Formulierungen dieses Textes der geltenden Rechtslage nicht, nicht mehr oder nicht vollst\u00e4ndig entsprechen sollten, bleiben die \u00fcbrigen Teile des Dokumentes in Ihrem Inhalt und Ihrer G\u00fcltigkeit davon unber\u00fchrt.<\/p>\n\n\n\n<p><\/p>\n","protected":false},"excerpt":{"rendered":"<p>Haftungsausschluss Click here for the English version 1. Inhalt des Onlineangebotes Diveindepth.com \u00fcbernimmt keinerlei Gew\u00e4hr f\u00fcr die Aktualit\u00e4t, Korrektheit, Vollst\u00e4ndigkeit oder Qualit\u00e4t der bereitgestellten Informationen. Haftungsanspr\u00fcche gegen den Autor oder diveindepth.com, welche sich auf Sch\u00e4den materieller oder ideeller Art beziehen, die durch die Nutzung oder Nichtnutzung der dargebotenen Informationen bzw. durch die Nutzung fehlerhafter und [&hellip;]<\/p>\n","protected":false},"author":1,"featured_media":0,"parent":0,"menu_order":0,"comment_status":"closed","ping_status":"closed","template":"","meta":{"footnotes":""},"class_list":["post-2432","page","type-page","status-publish","hentry"],"_links":{"self":[{"href":"https:\/\/diveindepth.com\/encompass-diving\/wp-json\/wp\/v2\/pages\/2432","targetHints":{"allow":["GET"]}}],"collection":[{"href":"https:\/\/diveindepth.com\/encompass-diving\/wp-json\/wp\/v2\/pages"}],"about":[{"href":"https:\/\/diveindepth.com\/encompass-diving\/wp-json\/wp\/v2\/types\/page"}],"author":[{"embeddable":true,"href":"https:\/\/diveindepth.com\/encompass-diving\/wp-json\/wp\/v2\/users\/1"}],"replies":[{"embeddable":true,"href":"https:\/\/diveindepth.com\/encompass-diving\/wp-json\/wp\/v2\/comments?post=2432"}],"version-history":[{"count":5,"href":"https:\/\/diveindepth.com\/encompass-diving\/wp-json\/wp\/v2\/pages\/2432\/revisions"}],"predecessor-version":[{"id":2742,"href":"https:\/\/diveindepth.com\/encompass-diving\/wp-json\/wp\/v2\/pages\/2432\/revisions\/2742"}],"wp:attachment":[{"href":"https:\/\/diveindepth.com\/encompass-diving\/wp-json\/wp\/v2\/media?parent=2432"}],"curies":[{"name":"wp","href":"https:\/\/api.w.org\/{rel}","templated":true}]}}