{"id":2526,"date":"2020-06-21T16:53:41","date_gmt":"2020-06-21T14:53:41","guid":{"rendered":"https:\/\/diveindepth.com\/encompass-diving\/?page_id=2526"},"modified":"2020-07-13T11:15:09","modified_gmt":"2020-07-13T09:15:09","slug":"datenschutz0","status":"publish","type":"page","link":"https:\/\/diveindepth.com\/encompass-diving\/de\/datenschutz0\/","title":{"rendered":"Datenschutz"},"content":{"rendered":"\n<h2 class=\"wp-block-heading\">Datenschutzbestimmungen<\/h2>\n\n\n\n<p>Diese Seite informiert Sie \u00fcber unsere Richtlinien bez\u00fcglich der Erhebung, Verwendung und Offenlegung personenbezogener Daten, wenn Sie unseren Service und diese Webseite nutzen. Gleichzeitig haben geben wir Aufschluss \u00fcber die Auswahlm\u00f6glichkeiten, die Sie haben die mit diesen Daten verbunden sind.<\/p>\n\n\n\n<p>Wir verwenden Ihre Daten, um den Service bereitzustellen und zu verbessern. Durch die Nutzung des Dienstes stimmen Sie der Erfassung und Verwendung von Informationen gem\u00e4\u00df dieser Richtlinie zu. Sofern in dieser Datenschutzrichtlinie nicht anders definiert, haben die in dieser Datenschutzrichtlinie verwendeten Begriffe dieselbe Bedeutung wie in unseren Allgemeinen Gesch\u00e4ftsbedingungen, die unter https:\/\/www.deveindepth.com zug\u00e4nglich sind.<\/p>\n\n\n\n<h3 class=\"wp-block-heading\"><strong>Definition personenbezogener Daten<\/strong><\/h3>\n\n\n\n<p>Personenbezogene Daten sind Daten \u00fcber eine lebende Person, die anhand dieser Daten (oder anhand dieser und anderer Informationen, die sich entweder in unserem Besitz befinden oder wahrscheinlich in unseren Besitz gelangen) identifiziert werden k\u00f6nnen.<\/p>\n\n\n\n<p>Nutzungsdaten<\/p>\n\n\n\n<p>Nutzungsdaten sind Daten, die automatisch entweder durch die Nutzung des Dienstes oder durch die Dienstinfrastruktur selbst generiert werden (z. B. die Dauer eines Seitenbesuchs).<\/p>\n\n\n\n<p>Cookies<\/p>\n\n\n\n<p>Cookies sind kleine Daten, die auf dem Ger\u00e4t eines Benutzers gespeichert werden.<\/p>\n\n\n\n<p>Datenverantwortlicher<\/p>\n\n\n\n<p>Datenverantwortlicher ist eine Person, die (entweder allein oder gemeinsam oder gemeinsam mit anderen Personen) den Zweck und die Art und Weise bestimmt, in der personenbezogene Daten verarbeitet werden oder verarbeitet werden sollen.<\/p>\n\n\n\n<p>Im Sinne dieser Datenschutzrichtlinie sind wir Datenverantwortlicher f\u00fcr Ihre Daten.<\/p>\n\n\n\n<p>Datenverarbeiter (oder Dienstanbieter)<\/p>\n\n\n\n<p>Datenverarbeiter (oder Dienstanbieter) bezeichnet jede Person (au\u00dfer einem Mitarbeiter des Datenverarbeiters), der die Daten im Auftrag des Datenverantwortlichen verarbeitet.<\/p>\n\n\n\n<p>Wir k\u00f6nnen die Dienste verschiedener Dienstleister nutzen, um Ihre Daten effektiver zu verarbeiten.<\/p>\n\n\n\n<p>Betroffene Person<\/p>\n\n\n\n<p>Die betroffene Person ist jede lebende Person, die Gegenstand personenbezogener Daten ist.<\/p>\n\n\n\n<p>Benutzer<\/p>\n\n\n\n<p>Der Benutzer ist jene Person, die unseren Service nutzt. Der Benutzer entspricht der betroffenen Person, die Gegenstand personenbezogener Daten ist.<\/p>\n\n\n\n<h3 class=\"wp-block-heading\"><strong>Sammlung und Verwendung von Informationen<\/strong><\/h3>\n\n\n\n<p>Wir sammeln verschiedene Arten von Informationen f\u00fcr verschiedene Zwecke, um unseren Service f\u00fcr Sie bereitzustellen und zu verbessern.<\/p>\n\n\n\n<p><strong>Datenarten der gesammelten personenbezogenen Daten<\/strong><\/p>\n\n\n\n<p>W\u00e4hrend der Nutzung unseres Dienstes bitten wir Sie m\u00f6glicherweise, uns bestimmte personenbezogene Daten zur Verf\u00fcgung zu stellen, mit denen Sie kontaktiert oder identifiziert werden k\u00f6nnen (\u201epersonenbezogene Daten\u201c). Pers\u00f6nlich identifizierbare Informationen k\u00f6nnen umfassen, sind aber nicht beschr\u00e4nkt auf:<\/p>\n\n\n\n<ul class=\"wp-block-list\"><li>E-Mail-Addresse<\/li><li>Vor- und Nachname Telefonnummer<\/li><li>Cookies und Nutzungsdaten<\/li><\/ul>\n\n\n\n<p>Wir verwenden Ihre personenbezogenen Daten m\u00f6glicherweise, um Sie mit Newslettern, Marketing- Social Media- oder Angebotsmaterialien und anderen Informationen zu kontaktieren, die aus legitimer gesch\u00e4ftlicher Sicht f\u00fcr Sie von Interesse sein k\u00f6nnen. Sie k\u00f6nnen den Erhalt einer oder aller dieser Mitteilungen von uns abbestellen, indem Sie dem Link zum Abbestellen oder den Anweisungen in einer von uns gesendeten E-Mail folgen.<\/p>\n\n\n\n<p><strong>Nutzungsdaten<\/strong><\/p>\n\n\n\n<p>M\u00f6glicherweise erfassen wir auch Informationen dar\u00fcber, wie Sie auf diese Webseite und auf unsern Service zugegriffen haben und dieser verwendet wird (\u201eNutzungsdaten\u201c). Diese Nutzungsdaten k\u00f6nnen Informationen wie die Internetprotokolladresse Ihres Computers (z. B. IP-Adresse), den Browsertyp, die Browserversion, die von Ihnen besuchten Seiten unseres Dienstes, die Uhrzeit und das Datum Ihres Besuchs sowie die auf diesen Seiten verbrachte Zeit enthalten Ger\u00e4tekennungen und andere Diagnosedaten beinhalten.<\/p>\n\n\n\n<p><strong>Nachverfolgung &amp; Cookie Daten<\/strong><\/p>\n\n\n\n<p>Wir verwenden Cookies und \u00e4hnliche Tracking-Technologien, um die Aktivit\u00e4ten in unserem Service zu verfolgen und bestimmte Informationen zu speichern.<\/p>\n\n\n\n<p>Cookies sind Dateien mit geringen Datenmengen, die eine anonyme eindeutige Kennung enthalten k\u00f6nnen. Cookies werden von einer Website an Ihren Browser gesendet und auf Ihrem Ger\u00e4t gespeichert. Verwendete Tracking-Technologien sind Beacons, Tags und Skripte, um Informationen zu sammeln und zu verfolgen sowie unseren Service zu verbessern und zu analysieren.<\/p>\n\n\n\n<p>Sie k\u00f6nnen Ihren Browser anweisen, alle Cookies abzulehnen oder anzugeben, wann<\/p>\n\n\n\n<p>Ein Cookie wird gesendet. Wenn Sie jedoch keine Cookies akzeptieren, k\u00f6nnen Sie m\u00f6glicherweise einige Teile unseres Service nicht nutzen.<\/p>\n\n\n\n<p>Beispiele f\u00fcr von uns verwendete Cookies:<\/p>\n\n\n\n<ul class=\"wp-block-list\"><li>Sitzungscookies. Wir verwenden Sitzungscookies, um unsern Service zu betreiben.<\/li><li>Bevorzugte Cookies. Wir verwenden Pr\u00e4ferenz-Cookies, um Ihre Pr\u00e4ferenzen und verschiedene Einstellungen zu speichern.<\/li><li>Sicherheits-Cookies. Wir verwenden Sicherheitscookies aus Sicherheitsgr\u00fcnden.<\/li><\/ul>\n\n\n\n<p><strong>Verwendung von Daten<\/strong><\/p>\n\n\n\n<p>https:\/\/www.deveindepth.com verwendet die gesammelten Daten f\u00fcr verschiedene Zwecke:<\/p>\n\n\n\n<ul class=\"wp-block-list\"><li>Bereitstellung und Wartung unseres Service<\/li><li>Um Sie \u00fcber \u00c4nderungen an unserem Service zu informieren<\/li><li>Damit Sie an interaktiven Funktionen unseres Service teilnehmen k\u00f6nnen, wenn Sie dies w\u00fcnschen<\/li><li>Kundenbetreuung<\/li><li>Um Analysen oder wertvolle Informationen zu sammeln, damit wir unseren Service verbessern k\u00f6nnen<\/li><li>Um die Nutzung unseres Service zu \u00fcberwachen<\/li><li>Technische Probleme erkennen, verhindern und beheben<\/li><\/ul>\n\n\n\n<p><strong>Aufbewahrung von Daten<\/strong><\/p>\n\n\n\n<p>https:\/\/www.deveindepth.com speichert Ihre pers\u00f6nlichen Daten nur so lange, wie dies f\u00fcr die in dieser Datenschutzrichtlinie festgelegten Zwecke erforderlich ist. Wir werden Ihre personenbezogenen Daten in dem Umfang speichern und verwenden, der zur Erf\u00fcllung unserer gesetzlichen Verpflichtungen erforderlich ist (z. B. wenn wir Ihre Daten zur Einhaltung der geltenden Gesetze aufbewahren m\u00fcssen), Streitigkeiten beilegen und unsere gesetzlichen Vereinbarungen und Richtlinien durchsetzen.<\/p>\n\n\n\n<p>https:\/\/www.deveindepth.com speichert auch Nutzungsdaten f\u00fcr interne Analysezwecke. Nutzungsdaten werden in der Regel f\u00fcr einen k\u00fcrzeren Zeitraum gespeichert, es sei denn, diese Daten werden zur St\u00e4rkung der Sicherheit oder zur Verbesserung der Funktionalit\u00e4t unseres Dienstes verwendet oder wir sind gesetzlich verpflichtet, diese Daten f\u00fcr l\u00e4ngere Zeitr\u00e4ume aufzubewahren.<\/p>\n\n\n\n<p><strong>Daten\u00fcbertragung<\/strong><\/p>\n\n\n\n<p>Ihre Daten, einschlie\u00dflich personenbezogener Daten, k\u00f6nnen an Computern au\u00dferhalb Ihres Bundeslandes, Ihrer Provinz, Ihres Landes, der EU oder einer anderen staatlichen Gerichtsbarkeit \u00fcbertragen und dort gespeichert werden, wo die Datenschutzgesetze m\u00f6glicherweise von denen Ihrer Gerichtsbarkeit abweichen.<\/p>\n\n\n\n<p>Wenn Sie sich au\u00dferhalb der Europ\u00e4ischen Union befinden und uns Informationen zur Verf\u00fcgung stellen m\u00f6chten, beachten Sie bitte, dass wir die Daten, einschlie\u00dflich personenbezogener Daten, an die Europ\u00e4ische Union \u00fcbertragen und dort verarbeiten.<\/p>\n\n\n\n<p>Ihre Zustimmung zu dieser Datenschutzrichtlinie, gefolgt von Ihrer \u00dcbermittlung solcher Informationen, stellt Ihre Zustimmung zu dieser \u00dcbertragung dar.<\/p>\n\n\n\n<p>https:\/\/www.deveindepth.com wird alle zumutbaren Schritte unternehmen, um sicherzustellen, dass Ihre Daten sicher und in \u00dcbereinstimmung mit dieser Datenschutzrichtlinie behandelt werden und keine \u00dcbertragung Ihrer pers\u00f6nlichen Daten an eine Organisation oder ein Land erfolgt, sofern dies nicht angemessen ist, &nbsp;Kontrollen vorhanden sind, einschlie\u00dflich der Sicherheit Ihrer Daten und anderer pers\u00f6nlicher Informationen.<\/p>\n\n\n\n<p><strong>Offenlegung von Daten<\/strong><\/p>\n\n\n\n<p>Offenlegung f\u00fcr die Strafverfolgung<\/p>\n\n\n\n<p>Unter bestimmten Umst\u00e4nden kann https:\/\/www.deveindepth.com aufgefordert werden, Ihre personenbezogenen Daten offenzulegen, wenn dies gesetzlich oder auf g\u00fcltige Anfragen von Beh\u00f6rden (z. B. einem Gericht oder einer Regierungsbeh\u00f6rde) erforderlich ist.<\/p>\n\n\n\n<p>Rechtliche Anforderungen<\/p>\n\n\n\n<p>https:\/\/www.deveindepth.com kann Ihre personenbezogenen Daten nach Treu und Glauben offenlegen, wenn solche Ma\u00dfnahmen erforderlich sind:<\/p>\n\n\n\n<ul class=\"wp-block-list\"><li>Einhaltung einer gesetzlichen Verpflichtung<\/li><li>Zum Schutz und zur Verteidigung der Rechte oder des Eigentums<\/li><li>Um m\u00f6gliches Fehlverhalten im Zusammenhang mit dem Service zu verhindern oder zu untersuchen<\/li><li>Zum Schutz der pers\u00f6nlichen Sicherheit der Nutzer des Dienstes oder der \u00d6ffentlichkeit<\/li><li>Zum Schutz vor gesetzlicher Haftung<\/li><\/ul>\n\n\n\n<p>Datensicherheit<\/p>\n\n\n\n<p>Die Sicherheit Ihrer Daten ist uns wichtig, aber denken Sie daran, dass keine Methode zur \u00dcbertragung \u00fcber das Internet oder zur elektronischen Speicherung 100% sicher ist. Obwohl wir uns bem\u00fchen, Ihre personenbezogenen Daten mit kommerziell akzeptablen Mitteln zu sch\u00fctzen, k\u00f6nnen wir deren absolute Sicherheit nicht garantieren.<\/p>\n\n\n\n<p><strong>Ihre Rechte<\/strong><\/p>\n\n\n\n<p>https:\/\/www.deveindepth.com ist bestrebt, angemessene Schritte zu unternehmen, damit Sie die Verwendung Ihrer pers\u00f6nlichen Daten korrigieren, \u00e4ndern, l\u00f6schen oder einschr\u00e4nken k\u00f6nnen.<\/p>\n\n\n\n<p>Wann immer dies m\u00f6glich ist, k\u00f6nnen Sie Ihre pers\u00f6nlichen Daten direkt \u00fcber uns aktualisieren. Wenn Sie Ihre pers\u00f6nlichen Daten \u00e4ndern m\u00f6chten, kontaktieren Sie uns bitte, um die erforderlichen \u00c4nderungen vorzunehmen.<\/p>\n\n\n\n<p>Wenn Sie dar\u00fcber informiert werden m\u00f6chten, welche personenbezogenen Daten wir \u00fcber Sie gespeichert haben, und wenn Sie m\u00f6chten, dass diese aus unseren Systemen entfernt werden, kontaktieren Sie uns bitte ebenfalls. Sie das Recht:<\/p>\n\n\n\n<ul class=\"wp-block-list\"><li>Um auf eine Kopie der pers\u00f6nlichen Daten zuzugreifen und diese zu erhalten, die wir \u00fcber Sie gespeichert haben<\/li><li>Um alle \u00fcber Sie gespeicherten personenbezogenen Daten zu korrigieren, die ungenau sind. Um die L\u00f6schung der \u00fcber Sie gespeicherten personenbezogenen Daten zu beantragen<\/li><li>Sie haben das Recht auf Daten\u00fcbertragbarkeit f\u00fcr die Informationen, die Sie https:\/\/www.deveindepth.com zur Verf\u00fcgung stellen. Sie k\u00f6nnen eine Kopie Ihrer pers\u00f6nlichen Daten in einem h\u00e4ufig verwendeten elektronischen Format anfordern, damit Sie diese verwalten und verschieben k\u00f6nnen.<\/li><\/ul>\n\n\n\n<p>Bitte beachten Sie, dass wir Sie m\u00f6glicherweise bitten, Ihre Identit\u00e4t zu \u00fcberpr\u00fcfen, bevor wir auf solche Anfragen antworten.<\/p>\n\n\n\n<p><strong>Dienstleister<\/strong><\/p>\n\n\n\n<p>Wir k\u00f6nnen Drittunternehmen und Einzelpersonen besch\u00e4ftigen, um unseren Service zu vereinfachen (\u201eService Provider\u201c), den Service in unserem Namen bereitzustellen, servicebezogene Services zu erbringen oder uns bei der Analyse der Nutzung unseres Service zu unterst\u00fctzen.<\/p>\n\n\n\n<p>Diese Dritten haben nur Zugriff auf Ihre personenbezogenen Daten, um diese Aufgaben in unserem Namen auszuf\u00fchren, und sind verpflichtet, diese nicht weiterzugeben oder f\u00fcr andere Zwecke zu verwenden. Rechtliche Schritte gegen die Versender solcher Daten die insbesondere zu sogenannten Spam-Mails bei Verst\u00f6\u00dfen gegen dieses Verbot f\u00fchren sind ausdr\u00fccklich vorbehalten.<\/p>\n\n\n\n<p><strong>Analytics<\/strong><\/p>\n\n\n\n<p>Wir k\u00f6nnen Drittanbieter einsetzen, um die Nutzung unseres Dienstes zu \u00fcberwachen und zu analysieren.<\/p>\n\n\n\n<p>Google Analytics<\/p>\n\n\n\n<p>Google Analytics ist ein Webanalysedienst von Google, der den Website-Verkehr verfolgt und meldet. Google verwendet die gesammelten Daten, um die Nutzung unseres Dienstes zu verfolgen und zu \u00fcberwachen. Diese Daten werden mit anderen Google-Diensten geteilt. Google kann die gesammelten Daten verwenden, um die Anzeigen seines eigenen Werbenetzwerks zu kontextualisieren und zu personalisieren.<\/p>\n\n\n\n<p>Sie k\u00f6nnen die Bereitstellung Ihrer Aktivit\u00e4ten f\u00fcr den Dienst f\u00fcr Google Analytics deaktivieren, indem Sie das Browser-Add-On f\u00fcr die Deaktivierung von Google Analytics installieren. Das Add-On verhindert, dass das Google Analytics-JavaScript (ga.js, analyse.js und dc.js) Informationen \u00fcber Besuchsaktivit\u00e4ten mit Google Analytics teilt.<\/p>\n\n\n\n<p>Weitere Informationen zu den Datenschutzpraktiken von Google finden Sie auf der Webseite von Google Privacy &amp; Terms: http:\/\/www.google.com\/intl\/en\/policies\/privacy\/<\/p>\n\n\n\n<p>Verhaltens-Remarketing<\/p>\n\n\n\n<p>https:\/\/www.deveindepth.com verwendet Remarketing-Dienste, um nach dem Besuch unseres Dienstes auf Websites Dritter f\u00fcr Sie zu werben. Wir und unsere Drittanbieter verwenden Cookies, um Anzeigen basierend auf Ihren fr\u00fcheren Besuchen in unserem Service zu informieren, zu optimieren und zu schalten.<\/p>\n\n\n\n<p>Google Werbung<\/p>\n\n\n\n<p>Der Remarketing-Service von Google AdWords wird von Google Inc. bereitgestellt.<\/p>\n\n\n\n<p>Sie k\u00f6nnen Google Analytics f\u00fcr Display-Werbung deaktivieren und die Anzeigen im Google Display-Netzwerk anpassen, indem Sie die Seite mit den Google-Anzeigeneinstellungen aufrufen: http:\/\/www.google.com\/settings\/ads<\/p>\n\n\n\n<p>Google empfiehlt au\u00dferdem, das Google Analytics Opt-out-Browser-Add-on (https:\/\/tools.google.com\/dlpage\/gaoptout) f\u00fcr Ihren Webbrowser zu installieren. Das Browser-Add-on zum Deaktivieren von Google Analytics bietet Besuchern die M\u00f6glichkeit, zu verhindern, dass ihre Daten von Google Analytics erfasst und verwendet werden.<\/p>\n\n\n\n<p>Weitere Informationen zu den Datenschutzpraktiken von Google finden Sie auf der Webseite von Google Privacy &amp; Terms: <a href=\"http:\/\/www.google.com\/intl\/en\/policies\/privacy\/\">http:\/\/www.google.com\/intl\/en\/policies\/privacy\/<\/a><\/p>\n\n\n\n<p><strong>Twitter<\/strong><\/p>\n\n\n\n<p>Der Twitter-Remarketing-Service wird von Twitter Inc. bereitgestellt.<\/p>\n\n\n\n<p>Sie k\u00f6nnen die interessenbezogenen Anzeigen von Twitter deaktivieren, indem Sie deren Anweisungen folgen: https:\/\/support.twitter.com\/articles\/20170405<\/p>\n\n\n\n<p>Weitere Informationen zu den Datenschutzpraktiken und -richtlinien von Twitter finden Sie auf der Seite mit den Datenschutzrichtlinien: <a href=\"https:\/\/twitter.com\/privacy\">https:\/\/twitter.com\/privacy<\/a><\/p>\n\n\n\n<p><strong>Instagram<\/strong><\/p>\n\n\n\n<p>Der Instagram-Remarketing-Service wird von Instagram Inc. bereitgestellt.<\/p>\n\n\n\n<p>Sie k\u00f6nnen die interessenbezogenen Anzeigen von Instagram deaktivieren, indem Sie deren Anweisungen folgen: <a href=\"https:\/\/help.instagram.com\/285881641526716\">https:\/\/help.instagram.com\/285881641526716<\/a><\/p>\n\n\n\n<p>Weitere Informationen zu den Datenschutzpraktiken und -richtlinien von Instagram finden Sie auf der Seite mit den Datenschutzrichtlinien: <a href=\"https:\/\/help.instagram.com\/519522125107875\">https:\/\/help.instagram.com\/519522125107875<\/a><\/p>\n\n\n\n<p><strong>Facebook<\/strong><\/p>\n\n\n\n<p>Der Facebook-Remarketing-Service wird von Facebook Inc. bereitgestellt.<\/p>\n\n\n\n<p>Weitere Informationen zu interessenbezogener Werbung von Facebook finden Sie auf dieser Seite: https:\/\/www.facebook.com\/help\/164968693837950<\/p>\n\n\n\n<p>Befolgen Sie die folgenden Anweisungen von Facebook, um die interessenbezogenen Anzeigen von Facebook zu deaktivieren: https:\/\/www.facebook.com\/help\/568137493302217<\/p>\n\n\n\n<p>Facebook h\u00e4lt sich an die von der Digital Advertising Alliance festgelegten Selbstregulierungsgrunds\u00e4tze f\u00fcr Online-Verhaltenswerbung. Sie k\u00f6nnen sich auch \u00fcber die Digital Advertising Alliance in den USA (http:\/\/www.aboutads.info\/choices\/), die Digital Advertising Alliance (Kanada) in Kanada (http:\/\/youradchoices.ca\/) von Facebook und anderen teilnehmenden Unternehmen abmelden die European Interactive Digital Advertising Alliance in Europa (http:\/\/www.youronlinechoices.eu\/) oder deaktivieren Sie die Einstellungen Ihres Mobilger\u00e4ts.<\/p>\n\n\n\n<p>Weitere Informationen zu den Datenschutzpraktiken von Facebook finden Sie in der Datenrichtlinie von Facebook: https:\/\/www.facebook.com\/privacy\/explanation<\/p>\n\n\n\n<p><strong>Links zu anderen Webseiten<\/strong><\/p>\n\n\n\n<p>Unser Service enth\u00e4lt Links zu anderen Websites, die nicht von uns betrieben werden. Wenn Sie auf einen Link eines Drittanbieters klicken, werden Sie zur Website dieses Drittanbieters weitergeleitet. Wir empfehlen Ihnen dringend, die Datenschutzbestimmungen aller von Ihnen besuchten Websites zu lesen.<\/p>\n\n\n\n<p>Wir haben keine Kontrolle \u00fcber Inhalte, Datenschutzrichtlinien oder Praktiken von Websites oder Diensten Dritter und \u00fcbernehmen keine Verantwortung daf\u00fcr.<\/p>\n\n\n\n<p><strong>Datenschutz f\u00fcr Kinder<\/strong><\/p>\n\n\n\n<p>Unser Service richtet sich nicht an Personen unter 13 Jahren (\u201eKinder\u201c).<\/p>\n\n\n\n<p>Wir sammeln wissentlich keine personenbezogenen Daten von Personen unter 13 Jahren. Wenn Sie Eltern oder Erziehungsberechtigte sind und wissen, dass Ihre Kinder uns personenbezogene Daten zur Verf\u00fcgung gestellt haben, kontaktieren Sie uns bitte. Wenn wir feststellen, dass wir personenbezogene Daten von Kindern ohne \u00dcberpr\u00fcfung der Zustimmung der Eltern gesammelt haben, ergreifen wir Ma\u00dfnahmen, um diese Informationen von unseren Servern zu entfernen.<\/p>\n\n\n\n<p><strong>\u00c4nderungen zu dieser Datenschutzerkl\u00e4rung<\/strong><\/p>\n\n\n\n<p>Wir k\u00f6nnen unsere Datenschutzrichtlinie von Zeit zu Zeit aktualisieren. Wir werden Sie \u00fcber \u00c4nderungen informieren, indem wir die neue Datenschutzrichtlinie auf dieser Seite ver\u00f6ffentlichen.<\/p>\n\n\n\n<p>Wir werden Sie vor Inkrafttreten der \u00c4nderung per E-Mail und \/ oder \u00fcber einen wichtigen Hinweis auf unseren Service informieren und das \u201eDatum des Inkrafttretens\u201c oben in dieser Datenschutzrichtlinie aktualisieren.<\/p>\n\n\n\n<p>Es wird empfohlen, diese Datenschutzrichtlinie regelm\u00e4\u00dfig auf \u00c4nderungen zu \u00fcberpr\u00fcfen. \u00c4nderungen dieser Datenschutzrichtlinie werden wirksam, wenn sie auf dieser Seite ver\u00f6ffentlicht werden.<\/p>\n\n\n\n<p><strong>Datenschutz eigener Daten<\/strong><\/p>\n\n\n\n<p>Die Nutzung der im Rahmen des Impressums oder vergleichbarer Angaben ver\u00f6ffentlichten Kontaktdaten wie Postanschriften, Telefon- und Faxnummern sowie Emailadressen durch Dritte zur \u00dcbersendung von nicht ausdr\u00fccklich angeforderten Informationen ist nicht gestattet. Rechtliche Schritte gegen die Versender von sogenannten Spam-Mails bei Verst\u00f6\u00dfen gegen dieses Verbot sind ausdr\u00fccklich vorbehalten.<\/p>\n\n\n\n<p><strong>Kontaktieren Sie uns<\/strong><\/p>\n\n\n\n<p>Wenn Sie Fragen zu dieser Datenschutzrichtlinie haben, wenden Sie sich bitte per E-Mail an: <a href=\"mailto:privacy@diveindepth.com\">privacy@diveindepth.com<\/a><\/p>\n","protected":false},"excerpt":{"rendered":"<p>Datenschutzbestimmungen Diese Seite informiert Sie \u00fcber unsere Richtlinien bez\u00fcglich der Erhebung, Verwendung und Offenlegung personenbezogener Daten, wenn Sie unseren Service und diese Webseite nutzen. Gleichzeitig haben geben wir Aufschluss \u00fcber die Auswahlm\u00f6glichkeiten, die Sie haben die mit diesen Daten verbunden sind. Wir verwenden Ihre Daten, um den Service bereitzustellen und zu verbessern. Durch die Nutzung [&hellip;]<\/p>\n","protected":false},"author":1,"featured_media":0,"parent":0,"menu_order":0,"comment_status":"closed","ping_status":"open","template":"","meta":{"footnotes":""},"class_list":["post-2526","page","type-page","status-publish","hentry"],"_links":{"self":[{"href":"https:\/\/diveindepth.com\/encompass-diving\/wp-json\/wp\/v2\/pages\/2526","targetHints":{"allow":["GET"]}}],"collection":[{"href":"https:\/\/diveindepth.com\/encompass-diving\/wp-json\/wp\/v2\/pages"}],"about":[{"href":"https:\/\/diveindepth.com\/encompass-diving\/wp-json\/wp\/v2\/types\/page"}],"author":[{"embeddable":true,"href":"https:\/\/diveindepth.com\/encompass-diving\/wp-json\/wp\/v2\/users\/1"}],"replies":[{"embeddable":true,"href":"https:\/\/diveindepth.com\/encompass-diving\/wp-json\/wp\/v2\/comments?post=2526"}],"version-history":[{"count":2,"href":"https:\/\/diveindepth.com\/encompass-diving\/wp-json\/wp\/v2\/pages\/2526\/revisions"}],"predecessor-version":[{"id":2559,"href":"https:\/\/diveindepth.com\/encompass-diving\/wp-json\/wp\/v2\/pages\/2526\/revisions\/2559"}],"wp:attachment":[{"href":"https:\/\/diveindepth.com\/encompass-diving\/wp-json\/wp\/v2\/media?parent=2526"}],"curies":[{"name":"wp","href":"https:\/\/api.w.org\/{rel}","templated":true}]}}