{"id":2528,"date":"2020-06-21T16:54:23","date_gmt":"2020-06-21T14:54:23","guid":{"rendered":"https:\/\/diveindepth.com\/encompass-diving\/?page_id=2528"},"modified":"2022-12-15T20:36:03","modified_gmt":"2022-12-15T19:36:03","slug":"agbs","status":"publish","type":"page","link":"https:\/\/diveindepth.com\/encompass-diving\/de\/agbs\/","title":{"rendered":"AGBs"},"content":{"rendered":"\n<h2 class=\"wp-block-heading\">Allgemeine Gesch\u00e4ftsbedingungen<\/h2>\n\n\n\n<p><a href=\"https:\/\/diveindepth.com\/encompass-diving\/terms-and-conditions\/\">Click here for the English version<\/a><\/p>\n\n\n\n<h3 class=\"wp-block-heading\"><strong>Nutzungsbedingungen<\/strong><\/h3>\n\n\n\n<p>Durch den Zugriff auf und das Durchsuchen dieser Website akzeptieren Sie ohne Einschr\u00e4nkung oder Einschr\u00e4nkung die nachstehenden Allgemeinen Gesch\u00e4ftsbedingungen und alle geltenden Gesetze. Wir k\u00f6nnen diese Allgemeinen Gesch\u00e4ftsbedingungen jederzeit durch Aktualisierung dieser Ver\u00f6ffentlichung \u00fcberarbeiten. Sie erkl\u00e4ren sich damit einverstanden, an solche \u00c4nderungen gebunden zu sein und Sie sollten diese Seite regelm\u00e4\u00dfig erneut besuchen, um die dann aktuellen Allgemeinen Gesch\u00e4ftsbedingungen zu \u00fcberpr\u00fcfen.<\/p>\n\n\n\n<h3 class=\"wp-block-heading\"><strong>AGB<\/strong><\/h3>\n\n\n\n<h5 class=\"wp-block-heading\"><strong>Allgemeines<\/strong><\/h5>\n\n\n\n<p>Diese Website kann Tippfehler oder Ungenauigkeiten enthalten. DiveInDepth.com kann jederzeit ohne vorherige Ank\u00fcndigung Verbesserungen und\/oder \u00c4nderungen an den auf dieser Website beschriebenen Produkten, Dienstleistungen, Programmen und Preisen vornehmen. Die Website wird regelm\u00e4\u00dfig ge\u00e4ndert.<\/p>\n\n\n\n<h5 class=\"wp-block-heading\"><strong>Urheber- und Markenrecht<\/strong><\/h5>\n\n\n\n<p>Diveindebth und der Autor sind bestrebt, in allen Publikationen die Urheberrechte der verwendeten Bilder, Grafiken, Tondokumente, Videosequenzen und Texte zu beachten; &nbsp;von ihm selbst erstellte Bilder, Grafiken, Tondokumente, Videosequenzen und Texte zu nutzen oder auf lizenzfreie Grafiken, Tondokumente, Videosequenzen und Texte zur\u00fcckzugreifen.<br>Alle innerhalb des Internetangebotes genannten und ggf. durch Dritte gesch\u00fctzten Marken- und Warenzeichen unterliegen uneingeschr\u00e4nkt den Bestimmungen des jeweils g\u00fcltigen Kennzeichenrechts und den Besitzrechten der jeweiligen eingetragenen Eigent\u00fcmer. Allein aufgrund der blo\u00dfen Nennung ist nicht der Schluss zu ziehen, dass Markenzeichen nicht durch Rechte Dritter gesch\u00fctzt sind!<\/p>\n\n\n\n<p>Gehen Sie davon aus, dass alles, was Sie auf dieser Website sehen oder lesen, urheberrechtlich gesch\u00fctzt ist, sofern nicht anders angegeben. Das Urheberrecht an dieser Website und der zugrunde liegende Softwarecode sind Eigentum von diveindepth.com und seinen Lizenzgebern, sofern nicht anders angegeben. Die Reproduktion oder Verwendung eines Teils oder des gesamten Inhalts dieser Website in irgendeiner Weise (einschlie\u00dflich, ohne Einschr\u00e4nkung, Anzeigen, Herunterladen, Drucken und Speichern) ist verboten, au\u00dfer in \u00dcbereinstimmung mit den folgenden Bedingungen:<\/p>\n\n\n\n<ol class=\"wp-block-list\" type=\"1\"><li>Sie m\u00fcssen unsere schriftliche Genehmigung einholen, wenn Sie etwas von dieser Website reproduzieren, verteilen, \u00e4ndern, \u00fcbertragen, wiederverwenden, erneut ver\u00f6ffentlichen oder verwenden oder kopieren m\u00f6chten. Im Allgemeinen k\u00f6nnen Sie diese Seiten reproduzieren, um sie zu durchsuchen oder Hypertext-Links zu ihnen bereitzustellen.<\/li><li>Wann immer Bilder von Personen, die auf dieser Webseite verwendet werden, mit Genehmigung oder in \u00dcbereinstimmung mit geltendem Recht verwendet werden. Die Wiederverwendung ohne Erlaubnis kann die Privatsph\u00e4re und die Ver\u00f6ffentlichungsrechte dieser Personen verletzen.<\/li><li>Alle Inhalte auf verlinkten Seiten geh\u00f6ren nicht zu diveindebth.com und sind Eigentum ihrer jeweiligen Inhaber. Wir haben den verlinkten Inhalt nicht \u00fcberpr\u00fcft. Ihr Recht zur Reproduktion und Nutzung der verlinkten Inhalte unterliegt (1) den Bedingungen, die die jeweiligen Eigent\u00fcmer auferlegen k\u00f6nnen, und (2) erfolgt auf eigenes Risiko. Sie erkennen ferner an und stimmen zu, dass diveindebth.com weder direkt noch indirekt f\u00fcr Sch\u00e4den oder Verluste verantwortlich oder haftbar ist, die durch oder in Verbindung mit der Nutzung oder dem Vertrauen auf solche Inhalte, Waren oder Dienstleistungen verursacht werden, die auf oder verf\u00fcgbar sind durch eine solche Site oder Ressource.<\/li><li>Alles, was Sie uns per E-Mail, social Media oder auf andere Weise oder per Post \u00fcbermitteln unterliegt dem uneingeschr\u00e4nkten Nutzungsrecht von diveindebth.com und kann f\u00fcr jeden kommerziellen Zweck verwendet werden, einschlie\u00dflich, aber nicht beschr\u00e4nkt auf Reproduktion, Offenlegung, \u00dcbertragung, Werbung, Ausstrahlung und Ver\u00f6ffentlichung. Es steht Diveindebth.com frei, Ideen, die in einer von Ihnen an uns gesendeten Mitteilung enthalten sind, f\u00fcr jeden Zweck zu verwenden, einschlie\u00dflich, aber nicht beschr\u00e4nkt auf die Entwicklung, Herstellung und Vermarktung unseres Services unter Verwendung dieser Informationen.<\/li><li>Diveindebth.com beh\u00e4lt sich das Recht vor, diese Berechtigungen jederzeit ohne angemessene Ank\u00fcndigung zu widerrufen.<\/li><li>Die auf dieser Website angezeigten Marken, Fotos, Logos und Dienstleistungsmarken (zusammen die \u201eMarken\u201c) sind eingetragene und nicht eingetragene Marken von diveindebth und anderen. Ihre Verwendung der auf dieser Website angezeigten Marken ist ohne unsere schriftliche Genehmigung strengstens untersagt.<\/li><\/ol>\n\n\n\n<h5 class=\"wp-block-heading\"><strong>\u00c4nderungen an der Software<\/strong><\/h5>\n\n\n\n<p>Diveindebth.com beh\u00e4lt sich das Recht vor, bestimmte Softwareprodukte oder den damit verbundenen Support jederzeit und von Zeit zu Zeit mit oder ohne vorherige Ank\u00fcndigung zu \u00e4ndern oder vor\u00fcbergehend oder dauerhaft einzustellen. Sie erkl\u00e4ren sich damit einverstanden, dass diveindebth weder Ihnen noch Dritten gegen\u00fcber f\u00fcr \u00c4nderungen, Aussetzungen oder die Einstellung solcher Softwareprodukte oder Supportleistungen haftbar gemacht werden kann.<\/p>\n\n\n\n<h5 class=\"wp-block-heading\"><strong>Keine Empfehlung\/Best\u00e4tigung<\/strong><\/h5>\n\n\n\n<p>Die Bezugnahme auf Produkte, Prozesse, Ver\u00f6ffentlichungen oder Dienstleistungen Dritter durch Handelsnamen, Marken, Hersteller oder auf andere Weise stellt keine Billigung oder Empfehlung durch diveindebth.com dar oder impliziert diese.<\/p>\n\n\n\n<h5 class=\"wp-block-heading\"><strong>Anwendbares Recht<\/strong><\/h5>\n\n\n\n<p>Sie erkl\u00e4ren sich damit einverstanden, dass die Gesetze von Bonaire f\u00fcr alle Probleme gelten, die zwischen diveindepth.com und Ihnen in Bezug auf diese Website und ihre Software auftreten k\u00f6nnen, und Sie erkl\u00e4ren sich damit einverstanden, solche Streitigkeiten vor den Gerichten in Bonaire zu kl\u00e4ren sind. Sie erkl\u00e4ren sich damit einverstanden, dass Anspr\u00fcche oder Klagegr\u00fcnde gegen diveindepth.com ungeachtet anderslautender Gesetze oder Bestimmungen innerhalb eines (1) Jahres nach Entstehung eines solchen Anspruchs oder Klagegrundes geltend gemacht werden m\u00fcssen, da sie sonst f\u00fcr immer ausgeschlossen sind.<\/p>\n\n\n\n<h3 class=\"wp-block-heading\"><strong>Allgemeinen Gesch\u00e4ftsbedingungen (AGB\u2019s) zum Tauchen<\/strong><\/h3>\n\n\n\n<h4 class=\"wp-block-heading\"><strong>Gilt f\u00fcr alle Tauchtouren<\/strong><\/h4>\n\n\n\n<h5 class=\"wp-block-heading\"><strong>Scuba Review<\/strong><\/h5>\n\n\n\n<p>Viele Agenturen \/ Tauchzentren empfehlen eine Tauchpr\u00fcfung, wenn seit Ihrem letzten Tauchgang mehr als sechs Monate vergangen sind. Encompass Diving empfiehlt allen Tauchern, aus Sicherheitsgr\u00fcnden den Empfehlungen der Agenturen oder der Tauchcenter zu folgen. Der Scuba Review sollte im Voraus gebucht werden und findet an Ihrem ersten Tag statt oder Sie machen den Scuba Review, bevor Sie die Reise beginnen. Bitte besprechen Sie dies vorab mit uns, &nbsp;damit wir uns mit den Tauchzentren \u00fcber deren Anforderungen in Verbindung setzen k\u00f6nnen. Im Interesse der Sicherheit beh\u00e4lt sich Encompass Diving zusammen mit der jeweiligen Tauchbasis das Recht vor, einen Skill Review oder Check Dive mit einem Tauchlehrer durchzuf\u00fchren und\/oder die Tauchaktivit\u00e4ten einzuschr\u00e4nken, wenn der Tauchlehrer Bedenken hinsichtlich der Sicherheit des Tauchers hat.<\/p>\n\n\n\n<p>Alternativ sollte eine Tauchpr\u00fcfung von einem Tauchlehrer in Ihrem Tauchlogbuch ausgef\u00fcllt und unterschrieben worden sein, bevor Sie die Reise beginnen.<\/p>\n\n\n\n<p>Wir sind uns bewusst, dass Sie auch nach einer Zeit der Inaktivit\u00e4t des Tauchens m\u00f6glicherweise ein erfahrener Taucher sind. Daher empfehlen wir Ihnen, vor Beginn des Tauchens einen Check Dive durchzuf\u00fchren. Auf diese Weise k\u00f6nnen Sie Ihren Auftrieb und Balance in einer unbekannten Tauchumgebung \u00fcberpr\u00fcfen und sich mit Ihrer Ausr\u00fcstung vertraut machen. Dies kann vor Ort arrangiert werden und wird in Ihren ersten Tauchgang einbezogen und beinhaltet die folgenden F\u00e4higkeiten:<\/p>\n\n\n\n<p>&#8211; Vollst\u00e4ndiges entfernen und wieder aufsetzen der Maske<br>&#8211; Regulator clearing und deren Wiederherstellung<br>&#8211; Verwendung der alternativen Luftquelle\/-zufuhr<br>&#8211; Demonstration eines neutralen Auf-\/Abtriebs<\/p>\n\n\n\n<h5 class=\"wp-block-heading\"><strong>Versicherung<\/strong><\/h5>\n\n\n\n<p>Encompass Diving oder das jeweilige Tauchcenter haften nicht f\u00fcr finanzielle Verluste, die durch Probleme entstehen, die au\u00dferhalb unserer Kontrolle liegen, wie z. Wetter, \u201eh\u00f6here Gewalt\u201c oder \u00c4nderungen durch die \u00f6rtlichen Beh\u00f6rden. Es liegt in Ihrer Verantwortung und Bedingung Ihres Vertrags mit dem Tauchcenter, dass Sie sicherstellen, dass Sie einen umfassenden Tauch- und Reiseversicherungsschutz abgeschlossen haben, der f\u00fcr Ihre Buchung spezifisch ist. Sie sind daf\u00fcr verantwortlich, zu \u00fcberpr\u00fcfen, ob dies folgendes umfasst:<\/p>\n\n\n\n<p>a. Tauchverletzungsversicherung: Abdeckung aller Risiken, Kosten und Aufwendungen, die aufgrund einer Tauchverletzung entstehen k\u00f6nnen, einschlie\u00dflich, aber nicht beschr\u00e4nkt auf Behandlungen der Kompressionskammer, Evakuierung aus der Luft sowie Verlust oder Besch\u00e4digung von Besitzt\u00fcmern. Diese Versicherung sollte alle Tauch- oder Wassersportaktivit\u00e4ten abdecken, die Sie wahrscheinlich w\u00e4hrend Ihrer Reise unternehmen werden.<\/p>\n\n\n\n<p>b. Medizinische Evakuierungsversicherung: Abdeckung aller Risiken, Kosten und Ausgaben, die durch eine Verletzung beim Tauchen oder Nichttauchen entstehen k\u00f6nnen, die Ihre Evakuierung zu einem Ort der fach\u00e4rztlichen Versorgung erfordern, einschlie\u00dflich, aber nicht beschr\u00e4nkt auf die Evakuierung aus der Luft in geringer H\u00f6he; fach\u00e4rztliche Behandlung sowie direkte und indirekte Verluste; und<\/p>\n\n\n\n<p>c. Umfassende Reiseversicherung: Dazu geh\u00f6ren \u00c4nderungen oder Stornierungen Ihrer Reisepl\u00e4ne, Verlust oder Besch\u00e4digung Ihres Gep\u00e4cks und deren Inhalts.<\/p>\n\n\n\n<p>Sollte vor Ihrer Abreise keine Tauchversicherung abgeschlossen werden, kann diese bei der Ankunft bei Indepths Insurance (Divemaster UK) vereinbart werden. Preisinformationen finden Sie in der entsprechenden Produktpreisliste.<\/p>\n\n\n\n<h5 class=\"wp-block-heading\"><strong>Reiserouten &amp; Tauchpl\u00e4tze<\/strong><\/h5>\n\n\n\n<p>Alle Reiserouten und Tauchpl\u00e4tze unterliegen verschiedenen unvorhersehbaren \u00c4nderungen, einschlie\u00dflich der Wetterbedingungen und \u00c4nderungen der Genehmigung der \u00f6rtlichen Beh\u00f6rden. Obwohl Encompass Diving und die jeweiligen Tauchzentren alle Anstrengungen unternehmen Tauchen zu einem Erlebnis zu machen, k\u00f6nnen wir das Tauchen an bestimmten Orten nicht garantieren. Bei widrigen Wetterbedingungen haben die Guides und der Kapit\u00e4n des Bootes die endg\u00fcltige Entscheidung dar\u00fcber, welche Tauchpl\u00e4tze besucht werden sollen, um sicherzustellen, dass die Sicherheit von G\u00e4sten, Mitarbeitern und Booten in keinster Weise beeintr\u00e4chtigt wird. In dem ungl\u00fccklichen Fall, dass Tauchg\u00e4nge verpasst werden oder Tauchpl\u00e4tze aufgrund von Wetterbedingungen oder anderen unvorhersehbaren \u00c4nderungen nicht erreicht werden, k\u00f6nnen Encompass Diving und das jeweilige Tauchcenter h\u00f6chstwahrscheinlich keine R\u00fcckerstattung oder Entsch\u00e4digung anbieten, auch wenn wir uns bem\u00fchen den Wertverlust zu kompensieren.<\/p>\n\n\n\n<h5 class=\"wp-block-heading\"><strong>Tauchen f\u00fcr qualifizierte Taucher<\/strong><\/h5>\n\n\n\n<p>Encompass Diving und die jeweiligen Tauchf\u00fchrer des Tauchzentrums bieten eine detaillierte und umfassende Einweisung in das Tauchen, bevor Sie mit Ihrem Tauchpartner ins Wasser gehen. Wenn der F\u00fchrer im Wasser ist, bleiben sie bei der Gruppe, um auf dem Gel\u00e4nde zu navigieren und nach interessanten Meereslebewesen Ausschau zu halten, die sich zeigen k\u00f6nnen. Der Tauchguide bietet w\u00e4hrend des Tauchgangs kein Tauchtraining an und Sie und Ihr Tauchpartner tauchen auf eigenes Risiko zusammen. Als qualifizierte Taucher sind Sie f\u00fcr Ihre eigene Sicherheit und die Ihres Tauchpartners w\u00e4hrend des Tauchgangs verantwortlich. Sie planen Ihren Tauchgang und Ihren Tauchplan mithilfe von Tauchtischen oder Ihrem pers\u00f6nlichen Tauchcomputer. Sie m\u00fcssen den Tauchgang mit Ihrem Tauchpartner beginnen, ausf\u00fchren und beenden.<\/p>\n\n\n\n<h5 class=\"wp-block-heading\"><strong>Nicht tauchende G\u00e4ste<\/strong><\/h5>\n\n\n\n<p>Nicht tauchende G\u00e4ste und G\u00e4ste, die an anderen Aktivit\u00e4ten auf Wasserbasis teilnehmen, wie z. B. Schwimmen, Schnorcheln, Kajakfahren, Stand-Up-Paddle-Boarding und Surfen erfolgen auf eigenes Risiko. Wenn Sie das Boot verlassen, um an Aktivit\u00e4ten auf Wasserbasis teilzunehmen, stellen Sie bitte sicher, dass Sie einen Mitarbeiter informiert haben, damit dieser die Bedingungen \u00fcberwachen kann und sich dar\u00fcber im Klaren ist, dass Sie nicht mehr auf dem Boot sind. Sicherheitsausr\u00fcstung ist verf\u00fcgbar, wenn Sie keine eigene haben.<\/p>\n\n\n\n<h5 class=\"wp-block-heading\"><strong>Kinder<\/strong><\/h5>\n\n\n\n<p>Kinder bis 15 Jahre k\u00f6nnen an den Tauchaktivit\u00e4ten f\u00fcr diese Touren nicht teilnehmen. Diese m\u00fcssen an Bord des jeweiligen Tauchcenter-Bootes jederzeit von einem Elternteil oder einem verantwortlichen Erwachsenen beaufsichtigt werden. Kinder k\u00f6nnen mit Zustimmung des Gruppenleiters f\u00fcr eine vollst\u00e4ndige Charterung an Bord aufgenommen werden. Babys und Kleinkinder d\u00fcrfen nach Ermessen des Tauchcenter-Managers an Bord des jeweiligen Tagestauchboots gehen, wobei der Komfort anderer Encompass-Tauchg\u00e4ste an Bord ber\u00fccksichtigt wird.<\/p>\n\n\n\n<h5 class=\"wp-block-heading\"><strong>Alkohol<\/strong><\/h5>\n\n\n\n<p>Bitte beachten Sie die Risiken, die mit solchen Aktivit\u00e4ten verbunden sind, welche durch den Konsum von Alkohol oder unter Einfluss eines Katers verst\u00e4rkt werden und Ihr Urteilsverm\u00f6gen beeintr\u00e4chtigen k\u00f6nnen. Wenn Sie tauchen, kann dies das Risiko einer Dekompressionskrankheit erh\u00f6hen. Bitte trinken Sie verantwortungsbewusst, innerhalb Ihrer eigenen Grenzen und handeln Sie stets mit Respekt vor anderen und Ihrer eigenen Sicherheit. Encompass Diving und das jeweilige Tauchzentrum behalten sich das Recht vor, den Zugang zum Wasser zu verweigern, wenn wir der Ansicht sind, dass Sie Ihre eigenen Handlungen und Ihre Sicherheit nicht mehr sicher kontrollieren k\u00f6nnen. Wenn die Guides der Meinung sind, dass Sie nicht tauchf\u00e4hig sind, werden Sie gebeten, den Tauchgang auszusetzen. Ihre Sicherheit und Ihr Wohlbefinden sind von gr\u00f6\u00dfter Bedeutung, daher wird diese Anforderung der Tauchguides nur zur Vermeidung von Unf\u00e4llen gestellt.<\/p>\n\n\n\n<h5 class=\"wp-block-heading\"><strong>Verhalten<\/strong><\/h5>\n\n\n\n<p>Unsoziales oder aggressives Verhalten wird nicht toleriert und Personen, die andere G\u00e4ste st\u00f6ren &#8211; k\u00f6nnen von der Tour, dem Boot oder dem Tauchzentrum ausgeschlossen werden.<\/p>\n","protected":false},"excerpt":{"rendered":"<p>Allgemeine Gesch\u00e4ftsbedingungen Click here for the English version Nutzungsbedingungen Durch den Zugriff auf und das Durchsuchen dieser Website akzeptieren Sie ohne Einschr\u00e4nkung oder Einschr\u00e4nkung die nachstehenden Allgemeinen Gesch\u00e4ftsbedingungen und alle geltenden Gesetze. Wir k\u00f6nnen diese Allgemeinen Gesch\u00e4ftsbedingungen jederzeit durch Aktualisierung dieser Ver\u00f6ffentlichung \u00fcberarbeiten. Sie erkl\u00e4ren sich damit einverstanden, an solche \u00c4nderungen gebunden zu sein und [&hellip;]<\/p>\n","protected":false},"author":1,"featured_media":0,"parent":0,"menu_order":0,"comment_status":"closed","ping_status":"closed","template":"","meta":{"footnotes":""},"class_list":["post-2528","page","type-page","status-publish","hentry"],"_links":{"self":[{"href":"https:\/\/diveindepth.com\/encompass-diving\/wp-json\/wp\/v2\/pages\/2528","targetHints":{"allow":["GET"]}}],"collection":[{"href":"https:\/\/diveindepth.com\/encompass-diving\/wp-json\/wp\/v2\/pages"}],"about":[{"href":"https:\/\/diveindepth.com\/encompass-diving\/wp-json\/wp\/v2\/types\/page"}],"author":[{"embeddable":true,"href":"https:\/\/diveindepth.com\/encompass-diving\/wp-json\/wp\/v2\/users\/1"}],"replies":[{"embeddable":true,"href":"https:\/\/diveindepth.com\/encompass-diving\/wp-json\/wp\/v2\/comments?post=2528"}],"version-history":[{"count":7,"href":"https:\/\/diveindepth.com\/encompass-diving\/wp-json\/wp\/v2\/pages\/2528\/revisions"}],"predecessor-version":[{"id":3206,"href":"https:\/\/diveindepth.com\/encompass-diving\/wp-json\/wp\/v2\/pages\/2528\/revisions\/3206"}],"wp:attachment":[{"href":"https:\/\/diveindepth.com\/encompass-diving\/wp-json\/wp\/v2\/media?parent=2528"}],"curies":[{"name":"wp","href":"https:\/\/api.w.org\/{rel}","templated":true}]}}