{"id":2855,"date":"2020-09-08T11:58:33","date_gmt":"2020-09-08T09:58:33","guid":{"rendered":"https:\/\/diveindepth.com\/regression-healing\/?page_id=2855"},"modified":"2020-12-17T07:03:23","modified_gmt":"2020-12-17T06:03:23","slug":"prozessablauf","status":"publish","type":"page","link":"https:\/\/diveindepth.com\/regression-healing\/de\/erkunden\/prozessablauf\/","title":{"rendered":"Prozessablauf"},"content":{"rendered":"\t\t<div data-elementor-type=\"wp-post\" data-elementor-id=\"2855\" class=\"elementor elementor-2855\">\n\t\t\t\t\t\t<section class=\"elementor-section elementor-top-section elementor-element elementor-element-7aa64f7 elementor-section-boxed elementor-section-height-default elementor-section-height-default\" data-id=\"7aa64f7\" data-element_type=\"section\" data-e-type=\"section\">\n\t\t\t\t\t\t<div class=\"elementor-container elementor-column-gap-default\">\n\t\t\t\t\t<div class=\"elementor-column elementor-col-100 elementor-top-column elementor-element elementor-element-b96836b\" data-id=\"b96836b\" data-element_type=\"column\" data-e-type=\"column\">\n\t\t\t<div class=\"elementor-widget-wrap elementor-element-populated\">\n\t\t\t\t\t\t<div class=\"elementor-element elementor-element-5575c12 elementor-widget elementor-widget-spacer\" data-id=\"5575c12\" data-element_type=\"widget\" data-e-type=\"widget\" data-widget_type=\"spacer.default\">\n\t\t\t\t<div class=\"elementor-widget-container\">\n\t\t\t\t\t\t\t<div class=\"elementor-spacer\">\n\t\t\t<div class=\"elementor-spacer-inner\"><\/div>\n\t\t<\/div>\n\t\t\t\t\t\t<\/div>\n\t\t\t\t<\/div>\n\t\t\t\t\t<\/div>\n\t\t<\/div>\n\t\t\t\t\t<\/div>\n\t\t<\/section>\n\t\t\t\t<section class=\"elementor-section elementor-top-section elementor-element elementor-element-03923ee elementor-section-boxed elementor-section-height-default elementor-section-height-default\" data-id=\"03923ee\" data-element_type=\"section\" data-e-type=\"section\">\n\t\t\t\t\t\t<div class=\"elementor-container elementor-column-gap-default\">\n\t\t\t\t\t<div class=\"elementor-column elementor-col-50 elementor-top-column elementor-element elementor-element-c3e4085\" data-id=\"c3e4085\" data-element_type=\"column\" data-e-type=\"column\">\n\t\t\t<div class=\"elementor-widget-wrap elementor-element-populated\">\n\t\t\t\t\t\t<div class=\"elementor-element elementor-element-4b5ab6d elementor-widget elementor-widget-image\" data-id=\"4b5ab6d\" data-element_type=\"widget\" data-e-type=\"widget\" data-widget_type=\"image.default\">\n\t\t\t\t<div class=\"elementor-widget-container\">\n\t\t\t\t\t\t\t\t\t\t\t\t\t\t\t<img fetchpriority=\"high\" decoding=\"async\" width=\"557\" height=\"676\" src=\"https:\/\/diveindepth.com\/regression-healing\/wp-content\/uploads\/2020\/09\/Pages-PROCESS.jpg\" class=\"attachment-full size-full wp-image-2955\" alt=\"Regression Healing PROCESS\" srcset=\"https:\/\/diveindepth.com\/regression-healing\/wp-content\/uploads\/2020\/09\/Pages-PROCESS.jpg 557w, https:\/\/diveindepth.com\/regression-healing\/wp-content\/uploads\/2020\/09\/Pages-PROCESS-247x300.jpg 247w\" sizes=\"(max-width: 557px) 100vw, 557px\" \/>\t\t\t\t\t\t\t\t\t\t\t\t\t\t\t<\/div>\n\t\t\t\t<\/div>\n\t\t\t\t\t<\/div>\n\t\t<\/div>\n\t\t\t\t<div class=\"elementor-column elementor-col-50 elementor-top-column elementor-element elementor-element-b3c71e9\" data-id=\"b3c71e9\" data-element_type=\"column\" data-e-type=\"column\">\n\t\t\t<div class=\"elementor-widget-wrap elementor-element-populated\">\n\t\t\t\t\t\t<section class=\"elementor-section elementor-inner-section elementor-element elementor-element-298b083 elementor-section-boxed elementor-section-height-default elementor-section-height-default\" data-id=\"298b083\" data-element_type=\"section\" data-e-type=\"section\" data-settings=\"{&quot;background_background&quot;:&quot;classic&quot;}\">\n\t\t\t\t\t\t<div class=\"elementor-container elementor-column-gap-default\">\n\t\t\t\t\t<div class=\"elementor-column elementor-col-100 elementor-inner-column elementor-element elementor-element-42ebfb8\" data-id=\"42ebfb8\" data-element_type=\"column\" data-e-type=\"column\" data-settings=\"{&quot;background_background&quot;:&quot;classic&quot;}\">\n\t\t\t<div class=\"elementor-widget-wrap elementor-element-populated\">\n\t\t\t\t\t\t<div class=\"elementor-element elementor-element-0dfff3f elementor-widget elementor-widget-heading\" data-id=\"0dfff3f\" data-element_type=\"widget\" data-e-type=\"widget\" data-widget_type=\"heading.default\">\n\t\t\t\t<div class=\"elementor-widget-container\">\n\t\t\t\t\t<p class=\"elementor-heading-title elementor-size-default\">Regression Healing<\/p>\t\t\t\t<\/div>\n\t\t\t\t<\/div>\n\t\t\t\t<div class=\"elementor-element elementor-element-4516f86 elementor-widget elementor-widget-heading\" data-id=\"4516f86\" data-element_type=\"widget\" data-e-type=\"widget\" data-widget_type=\"heading.default\">\n\t\t\t\t<div class=\"elementor-widget-container\">\n\t\t\t\t\t<h2 class=\"elementor-heading-title elementor-size-default\">PROZESSABLAUF<\/h2>\t\t\t\t<\/div>\n\t\t\t\t<\/div>\n\t\t\t\t\t<\/div>\n\t\t<\/div>\n\t\t\t\t\t<\/div>\n\t\t<\/section>\n\t\t\t\t<div class=\"elementor-element elementor-element-6e70c58 elementor-widget elementor-widget-heading\" data-id=\"6e70c58\" data-element_type=\"widget\" data-e-type=\"widget\" data-widget_type=\"heading.default\">\n\t\t\t\t<div class=\"elementor-widget-container\">\n\t\t\t\t\t<p class=\"elementor-heading-title elementor-size-default\">Der Prozess beinhaltet, dass ich den Klienten in eine tiefe Trance versetze und Sie\/Ihn in eine f\u00fcr die Person bedeutungsvolle Vergangenheit, z.B. Kindheitserinnerung, verdr\u00e4ngtes Trauma oder vergangenes Leben f\u00fchre, welches oft die spontane Remission vieler schwerwiegender Krankheiten in die Wege leitet. Ich f\u00fchre die Menschen durch die Astralebenen ins Licht, sodass eine besonders tiefe Heilungsstufe erreicht wird und die Person sich als Ganzes - spirituell, geistig und k\u00f6rperlich - besser verstehen lernt.<br>\n&nbsp;<br><span style=\"white-space: normal\">Sei versichert, dass die genannte Methode immer funktioniert! Allerdings oft nicht so wie es erwartet wird. Heilung geschieht auf allen Ebenen; energetisch, emotional, mental und physisch. Heilung und Verst\u00e4ndnis m\u00fcssen zun\u00e4chst von innen heraus erfolgen, bis der Effekt nach au\u00dfen sichtbar werden kann. Das Wichtigste an diesem gesamten Prozess ist also, die&nbsp;<\/span><span style=\"font-weight: 700;white-space: normal\">Ursache<\/span><span style=\"white-space: normal\">&nbsp;einer Krankheit bzw. der Beschwerde zu finden und zu verstehen! Die Heilung erfolgt dann ganz nat\u00fcrlich in der Sitzung selbst oder sp\u00e4ter im Prozess, wenn der Klient bereit ist, die notwendigen Schritte in seinem Leben zu gehen.<\/span>\n<br><br>Es sollte auch ein grunds\u00e4tzliches Verst\u00e4ndnis bestehen, dass eine Heilung nicht in die Lektionen\/Lehren des gegenw\u00e4rtigen Lebens oder in die Absprachen, die der Mensch bevor er in dieses Leben inkarnierte, gemacht worden sind, eingreifen kann, wenn es dem Seelenweg wiederspricht. Unsere Seelen sind ewig und wir kommen auf die Erde, um durch individuelle Erfahrungen zu wachsen und Lektionen zu lernen. In einigen F\u00e4llen geschieht dies durch Krankheiten oder durch Lebensumst\u00e4nde die durch karmische Bindungen gekennzeichnet sind. Diese Fragen und Umst\u00e4nde werden, wenn sie in der Sitzung auftreten, gekl\u00e4rt.<\/p>\t\t\t\t<\/div>\n\t\t\t\t<\/div>\n\t\t\t\t\t<\/div>\n\t\t<\/div>\n\t\t\t\t\t<\/div>\n\t\t<\/section>\n\t\t\t\t<section class=\"elementor-section elementor-top-section elementor-element elementor-element-6c0597b elementor-section-boxed elementor-section-height-default elementor-section-height-default\" data-id=\"6c0597b\" data-element_type=\"section\" data-e-type=\"section\">\n\t\t\t\t\t\t<div class=\"elementor-container elementor-column-gap-default\">\n\t\t\t\t\t<div class=\"elementor-column elementor-col-100 elementor-top-column elementor-element elementor-element-5def9a9\" data-id=\"5def9a9\" data-element_type=\"column\" data-e-type=\"column\">\n\t\t\t<div class=\"elementor-widget-wrap elementor-element-populated\">\n\t\t\t\t\t\t<div class=\"elementor-element elementor-element-7e10e96 elementor-widget elementor-widget-spacer\" data-id=\"7e10e96\" data-element_type=\"widget\" data-e-type=\"widget\" data-widget_type=\"spacer.default\">\n\t\t\t\t<div class=\"elementor-widget-container\">\n\t\t\t\t\t\t\t<div class=\"elementor-spacer\">\n\t\t\t<div class=\"elementor-spacer-inner\"><\/div>\n\t\t<\/div>\n\t\t\t\t\t\t<\/div>\n\t\t\t\t<\/div>\n\t\t\t\t\t<\/div>\n\t\t<\/div>\n\t\t\t\t\t<\/div>\n\t\t<\/section>\n\t\t\t\t<\/div>\n\t\t","protected":false},"excerpt":{"rendered":"<p>Regression Healing PROZESSABLAUF Der Prozess beinhaltet, dass ich den Klienten in eine tiefe Trance versetze und Sie\/Ihn in eine f\u00fcr die Person bedeutungsvolle Vergangenheit, z.B. Kindheitserinnerung, verdr\u00e4ngtes Trauma oder vergangenes Leben f\u00fchre, welches oft die spontane Remission vieler schwerwiegender Krankheiten in die Wege leitet. Ich f\u00fchre die Menschen durch die Astralebenen ins Licht, sodass eine [&hellip;]<\/p>\n","protected":false},"author":1,"featured_media":0,"parent":2354,"menu_order":5,"comment_status":"closed","ping_status":"closed","template":"page-templates\/pagebuilder.php","meta":{"footnotes":""},"class_list":["post-2855","page","type-page","status-publish","hentry"],"_links":{"self":[{"href":"https:\/\/diveindepth.com\/regression-healing\/wp-json\/wp\/v2\/pages\/2855","targetHints":{"allow":["GET"]}}],"collection":[{"href":"https:\/\/diveindepth.com\/regression-healing\/wp-json\/wp\/v2\/pages"}],"about":[{"href":"https:\/\/diveindepth.com\/regression-healing\/wp-json\/wp\/v2\/types\/page"}],"author":[{"embeddable":true,"href":"https:\/\/diveindepth.com\/regression-healing\/wp-json\/wp\/v2\/users\/1"}],"replies":[{"embeddable":true,"href":"https:\/\/diveindepth.com\/regression-healing\/wp-json\/wp\/v2\/comments?post=2855"}],"version-history":[{"count":24,"href":"https:\/\/diveindepth.com\/regression-healing\/wp-json\/wp\/v2\/pages\/2855\/revisions"}],"predecessor-version":[{"id":3552,"href":"https:\/\/diveindepth.com\/regression-healing\/wp-json\/wp\/v2\/pages\/2855\/revisions\/3552"}],"up":[{"embeddable":true,"href":"https:\/\/diveindepth.com\/regression-healing\/wp-json\/wp\/v2\/pages\/2354"}],"wp:attachment":[{"href":"https:\/\/diveindepth.com\/regression-healing\/wp-json\/wp\/v2\/media?parent=2855"}],"curies":[{"name":"wp","href":"https:\/\/api.w.org\/{rel}","templated":true}]}}