{"id":2856,"date":"2020-09-08T11:58:51","date_gmt":"2020-09-08T09:58:51","guid":{"rendered":"https:\/\/diveindepth.com\/regression-healing\/?page_id=2856"},"modified":"2024-10-14T15:31:11","modified_gmt":"2024-10-14T13:31:11","slug":"willkommen","status":"publish","type":"page","link":"https:\/\/diveindepth.com\/regression-healing\/de\/erkunden\/willkommen\/","title":{"rendered":"Willkommen"},"content":{"rendered":"\t\t<div data-elementor-type=\"wp-post\" data-elementor-id=\"2856\" class=\"elementor elementor-2856\">\n\t\t\t\t\t\t<section class=\"elementor-section elementor-top-section elementor-element elementor-element-7aa64f7 elementor-section-boxed elementor-section-height-default elementor-section-height-default\" data-id=\"7aa64f7\" data-element_type=\"section\" data-e-type=\"section\">\n\t\t\t\t\t\t<div class=\"elementor-container elementor-column-gap-default\">\n\t\t\t\t\t<div class=\"elementor-column elementor-col-100 elementor-top-column elementor-element elementor-element-b96836b\" data-id=\"b96836b\" data-element_type=\"column\" data-e-type=\"column\">\n\t\t\t<div class=\"elementor-widget-wrap elementor-element-populated\">\n\t\t\t\t\t\t<div class=\"elementor-element elementor-element-5575c12 elementor-widget elementor-widget-spacer\" data-id=\"5575c12\" data-element_type=\"widget\" data-e-type=\"widget\" data-widget_type=\"spacer.default\">\n\t\t\t\t<div class=\"elementor-widget-container\">\n\t\t\t\t\t\t\t<div class=\"elementor-spacer\">\n\t\t\t<div class=\"elementor-spacer-inner\"><\/div>\n\t\t<\/div>\n\t\t\t\t\t\t<\/div>\n\t\t\t\t<\/div>\n\t\t\t\t\t<\/div>\n\t\t<\/div>\n\t\t\t\t\t<\/div>\n\t\t<\/section>\n\t\t\t\t<section class=\"elementor-section elementor-top-section elementor-element elementor-element-03923ee elementor-section-boxed elementor-section-height-default elementor-section-height-default\" data-id=\"03923ee\" data-element_type=\"section\" data-e-type=\"section\">\n\t\t\t\t\t\t<div class=\"elementor-container elementor-column-gap-default\">\n\t\t\t\t\t<div class=\"elementor-column elementor-col-50 elementor-top-column elementor-element elementor-element-c3e4085\" data-id=\"c3e4085\" data-element_type=\"column\" data-e-type=\"column\">\n\t\t\t<div class=\"elementor-widget-wrap elementor-element-populated\">\n\t\t\t\t\t\t<div class=\"elementor-element elementor-element-4b5ab6d elementor-widget elementor-widget-image\" data-id=\"4b5ab6d\" data-element_type=\"widget\" data-e-type=\"widget\" data-widget_type=\"image.default\">\n\t\t\t\t<div class=\"elementor-widget-container\">\n\t\t\t\t\t\t\t\t\t\t\t\t\t\t\t<img fetchpriority=\"high\" decoding=\"async\" width=\"557\" height=\"676\" src=\"https:\/\/diveindepth.com\/regression-healing\/wp-content\/uploads\/2020\/09\/Pages-WELCOME2-1.jpg\" class=\"attachment-full size-full wp-image-3001\" alt=\"Regression Healing WELCOME\" srcset=\"https:\/\/diveindepth.com\/regression-healing\/wp-content\/uploads\/2020\/09\/Pages-WELCOME2-1.jpg 557w, https:\/\/diveindepth.com\/regression-healing\/wp-content\/uploads\/2020\/09\/Pages-WELCOME2-1-247x300.jpg 247w\" sizes=\"(max-width: 557px) 100vw, 557px\" \/>\t\t\t\t\t\t\t\t\t\t\t\t\t\t\t<\/div>\n\t\t\t\t<\/div>\n\t\t\t\t\t<\/div>\n\t\t<\/div>\n\t\t\t\t<div class=\"elementor-column elementor-col-50 elementor-top-column elementor-element elementor-element-b3c71e9\" data-id=\"b3c71e9\" data-element_type=\"column\" data-e-type=\"column\">\n\t\t\t<div class=\"elementor-widget-wrap elementor-element-populated\">\n\t\t\t\t\t\t<section class=\"elementor-section elementor-inner-section elementor-element elementor-element-298b083 elementor-section-boxed elementor-section-height-default elementor-section-height-default\" data-id=\"298b083\" data-element_type=\"section\" data-e-type=\"section\" data-settings=\"{&quot;background_background&quot;:&quot;classic&quot;}\">\n\t\t\t\t\t\t<div class=\"elementor-container elementor-column-gap-default\">\n\t\t\t\t\t<div class=\"elementor-column elementor-col-100 elementor-inner-column elementor-element elementor-element-42ebfb8\" data-id=\"42ebfb8\" data-element_type=\"column\" data-e-type=\"column\" data-settings=\"{&quot;background_background&quot;:&quot;classic&quot;}\">\n\t\t\t<div class=\"elementor-widget-wrap elementor-element-populated\">\n\t\t\t\t\t\t<div class=\"elementor-element elementor-element-0dfff3f elementor-widget elementor-widget-heading\" data-id=\"0dfff3f\" data-element_type=\"widget\" data-e-type=\"widget\" data-widget_type=\"heading.default\">\n\t\t\t\t<div class=\"elementor-widget-container\">\n\t\t\t\t\t<p class=\"elementor-heading-title elementor-size-default\">Regression Healing<\/p>\t\t\t\t<\/div>\n\t\t\t\t<\/div>\n\t\t\t\t<div class=\"elementor-element elementor-element-4516f86 elementor-widget elementor-widget-heading\" data-id=\"4516f86\" data-element_type=\"widget\" data-e-type=\"widget\" data-widget_type=\"heading.default\">\n\t\t\t\t<div class=\"elementor-widget-container\">\n\t\t\t\t\t<h2 class=\"elementor-heading-title elementor-size-default\">WILLKOMMEN<\/h2>\t\t\t\t<\/div>\n\t\t\t\t<\/div>\n\t\t\t\t\t<\/div>\n\t\t<\/div>\n\t\t\t\t\t<\/div>\n\t\t<\/section>\n\t\t\t\t<div class=\"elementor-element elementor-element-6e70c58 elementor-widget elementor-widget-heading\" data-id=\"6e70c58\" data-element_type=\"widget\" data-e-type=\"widget\" data-widget_type=\"heading.default\">\n\t\t\t\t<div class=\"elementor-widget-container\">\n\t\t\t\t\t<p class=\"elementor-heading-title elementor-size-default\"><span style=\"white-space: normal\">Was ist&nbsp;<\/span><span style=\"text-align: center;white-space: normal;font-weight: 700\">Regression Healing<\/span><span style=\"text-align: center;white-space: normal\">\u2122\/<\/span><span style=\"white-space: normal\">Regressionsheilung oder Heilung durch Regression?<\/span> <br><br>Regressionsheilung ist ein Behandlungsansatz der Hypnosetherapie um signifikante k\u00f6rperliche, geistige oder emotionale Beschwerden durch R\u00fcckf\u00fchrung in vergangene Leben, zu untersuchen, zu l\u00f6sen und das Wohlbefinden der entsprechenden Person wiederherzustellen.\n\n<br><br>Ich praktiziere diesen Ansatz f\u00fcr Menschen, die eine alternative Behandlung f\u00fcr eben jene Beschwerden suchen um ihre k\u00f6rperliche, mentale und emotionale Gesundheit wiederherzustellen. Ich begleite und f\u00fchre diese Menschen durch diese fr\u00fcheren Erfahrungen und vergangenen Leben, die die Entwicklung dieser Probleme urspr\u00fcnglich hervorgerufen haben, um sie mit Hilfe Ihres h\u00f6heren Selbst oder Ihres Unterbewusstseins erneut zu erleben, zu betrachten und sie der Heilung zuzuf\u00fchren.\n\n<br><br>Mein Ansatz basiert auf Chris Turners <b>Regression Healing<\/b>\u2122 -Methode. Er entwickelte seinen eigenen Weg basierend auf den Urspr\u00fcngen der Quanten-Heilungs-Hypnose-Therapie (QHHT) von Dolores Cannon.\n\n<br><br>Chris in seinen eigenen Worten: \u201eSei bereit, in eine unglaublich sch\u00f6ne und tiefgr\u00fcndige Welt einzutreten. Mit <b>Regression Healing<\/b>\u2122 l\u00e4sst sich absolut jede Krankheit behandeln und jede Frage kann f\u00fcr Dich beantwortet werden. Ich habe pers\u00f6nlich gesehen, dass viele Krankheiten in einer einzigen vollst\u00e4ndigen Sitzung aufgel\u00f6st werden konnten und es den Kunden auch viele Jahre sp\u00e4ter danach noch gut geht. Zu den Krankheiten, die ich w\u00e4hrend einer Sitzung gesehen habe und verschwunden sind, geh\u00f6ren Arthritis, Schlaganfall, Grauer Star, 70 Jahre alte Ern\u00e4hrungsprobleme, Depressionen und vieles mehr. \u201c<\/p>\t\t\t\t<\/div>\n\t\t\t\t<\/div>\n\t\t\t\t\t<\/div>\n\t\t<\/div>\n\t\t\t\t\t<\/div>\n\t\t<\/section>\n\t\t\t\t<section class=\"elementor-section elementor-top-section elementor-element elementor-element-6c0597b elementor-section-boxed elementor-section-height-default elementor-section-height-default\" data-id=\"6c0597b\" data-element_type=\"section\" data-e-type=\"section\">\n\t\t\t\t\t\t<div class=\"elementor-container elementor-column-gap-default\">\n\t\t\t\t\t<div class=\"elementor-column elementor-col-100 elementor-top-column elementor-element elementor-element-5def9a9\" data-id=\"5def9a9\" data-element_type=\"column\" data-e-type=\"column\">\n\t\t\t<div class=\"elementor-widget-wrap elementor-element-populated\">\n\t\t\t\t\t\t<div class=\"elementor-element elementor-element-7e10e96 elementor-widget elementor-widget-spacer\" data-id=\"7e10e96\" data-element_type=\"widget\" data-e-type=\"widget\" data-widget_type=\"spacer.default\">\n\t\t\t\t<div class=\"elementor-widget-container\">\n\t\t\t\t\t\t\t<div class=\"elementor-spacer\">\n\t\t\t<div class=\"elementor-spacer-inner\"><\/div>\n\t\t<\/div>\n\t\t\t\t\t\t<\/div>\n\t\t\t\t<\/div>\n\t\t\t\t\t<\/div>\n\t\t<\/div>\n\t\t\t\t\t<\/div>\n\t\t<\/section>\n\t\t\t\t<\/div>\n\t\t","protected":false},"excerpt":{"rendered":"<p>Regression Healing WILLKOMMEN Was ist&nbsp;Regression Healing\u2122\/Regressionsheilung oder Heilung durch Regression? Regressionsheilung ist ein Behandlungsansatz der Hypnosetherapie um signifikante k\u00f6rperliche, geistige oder emotionale Beschwerden durch R\u00fcckf\u00fchrung in vergangene Leben, zu untersuchen, zu l\u00f6sen und das Wohlbefinden der entsprechenden Person wiederherzustellen. Ich praktiziere diesen Ansatz f\u00fcr Menschen, die eine alternative Behandlung f\u00fcr eben jene Beschwerden suchen um [&hellip;]<\/p>\n","protected":false},"author":1,"featured_media":0,"parent":2354,"menu_order":5,"comment_status":"closed","ping_status":"closed","template":"page-templates\/pagebuilder.php","meta":{"footnotes":""},"class_list":["post-2856","page","type-page","status-publish","hentry"],"_links":{"self":[{"href":"https:\/\/diveindepth.com\/regression-healing\/wp-json\/wp\/v2\/pages\/2856","targetHints":{"allow":["GET"]}}],"collection":[{"href":"https:\/\/diveindepth.com\/regression-healing\/wp-json\/wp\/v2\/pages"}],"about":[{"href":"https:\/\/diveindepth.com\/regression-healing\/wp-json\/wp\/v2\/types\/page"}],"author":[{"embeddable":true,"href":"https:\/\/diveindepth.com\/regression-healing\/wp-json\/wp\/v2\/users\/1"}],"replies":[{"embeddable":true,"href":"https:\/\/diveindepth.com\/regression-healing\/wp-json\/wp\/v2\/comments?post=2856"}],"version-history":[{"count":15,"href":"https:\/\/diveindepth.com\/regression-healing\/wp-json\/wp\/v2\/pages\/2856\/revisions"}],"predecessor-version":[{"id":4100,"href":"https:\/\/diveindepth.com\/regression-healing\/wp-json\/wp\/v2\/pages\/2856\/revisions\/4100"}],"up":[{"embeddable":true,"href":"https:\/\/diveindepth.com\/regression-healing\/wp-json\/wp\/v2\/pages\/2354"}],"wp:attachment":[{"href":"https:\/\/diveindepth.com\/regression-healing\/wp-json\/wp\/v2\/media?parent=2856"}],"curies":[{"name":"wp","href":"https:\/\/api.w.org\/{rel}","templated":true}]}}